{"id":1230,"date":"2021-06-30T09:52:52","date_gmt":"2021-06-30T09:52:52","guid":{"rendered":"https:\/\/fromjoyasso.org\/?page_id=1230"},"modified":"2022-02-01T13:00:39","modified_gmt":"2022-02-01T12:00:39","slug":"devenir-membre","status":"publish","type":"page","link":"https:\/\/fromjoyasso.org\/en\/devenir-membre\/","title":{"rendered":"DEVENIR MEMBRE"},"content":{"rendered":"<p>[et_pb_section fb_built=\u00a0\u00bb1&Prime; _builder_version=\u00a0\u00bb4.9.7&Prime; _module_preset=\u00a0\u00bbdefault\u00a0\u00bb background_image=\u00a0\u00bbhttps:\/\/fromjoyasso.org\/wp-content\/uploads\/2021\/06\/cover-pic-1-2-scaled.jpg\u00a0\u00bb parallax=\u00a0\u00bbon\u00a0\u00bb parallax_method=\u00a0\u00bboff\u00a0\u00bb][et_pb_row _builder_version=\u00a0\u00bb4.9.4&Prime; _module_preset=\u00a0\u00bbdefault\u00a0\u00bb][et_pb_column type=\u00a0\u00bb4_4&Prime; _builder_version=\u00a0\u00bb4.9.4&Prime; _module_preset=\u00a0\u00bbdefault\u00a0\u00bb][et_pb_text _builder_version=\u00a0\u00bb4.9.7&Prime; _module_preset=\u00a0\u00bbdefault\u00a0\u00bb text_font=\u00a0\u00bb|800|||||||\u00a0\u00bb text_text_color=\u00a0\u00bb#FFFFFF\u00a0\u00bb text_font_size=\u00a0\u00bb50px\u00a0\u00bb text_orientation=\u00a0\u00bbright\u00a0\u00bb text_font_size_tablet=\u00a0\u00bb\u00a0\u00bb text_font_size_phone=\u00a0\u00bb40px\u00a0\u00bb text_font_size_last_edited=\u00a0\u00bbon|phone\u00a0\u00bb text_letter_spacing_tablet=\u00a0\u00bb\u00a0\u00bb text_letter_spacing_phone=\u00a0\u00bb\u00a0\u00bb text_letter_spacing_last_edited=\u00a0\u00bbon|phone\u00a0\u00bb text_line_height_tablet=\u00a0\u00bb\u00a0\u00bb text_line_height_phone=\u00a0\u00bb1em\u00a0\u00bb text_line_height_last_edited=\u00a0\u00bbon|phone\u00a0\u00bb text_text_shadow_style=\u00a0\u00bbpreset1&Prime;]<\/p>\n<p style=\"text-align: left;\">METTEZ VOTRE GRAIN&#8230;<\/p>\n<p>[\/et_pb_text][et_pb_divider show_divider=\u00a0\u00bboff\u00a0\u00bb _builder_version=\u00a0\u00bb4.9.4&Prime; _module_preset=\u00a0\u00bbdefault\u00a0\u00bb custom_margin=\u00a0\u00bb50px||50px||false|false\u00a0\u00bb][\/et_pb_divider][et_pb_divider show_divider=\u00a0\u00bboff\u00a0\u00bb _builder_version=\u00a0\u00bb4.9.4&Prime; _module_preset=\u00a0\u00bbdefault\u00a0\u00bb custom_margin=\u00a0\u00bb50px||50px||false|false\u00a0\u00bb][\/et_pb_divider][et_pb_divider show_divider=\u00a0\u00bboff\u00a0\u00bb _builder_version=\u00a0\u00bb4.9.4&Prime; _module_preset=\u00a0\u00bbdefault\u00a0\u00bb custom_margin=\u00a0\u00bb50px||50px||false|false\u00a0\u00bb][\/et_pb_divider][et_pb_divider show_divider=\u00a0\u00bboff\u00a0\u00bb _builder_version=\u00a0\u00bb4.9.4&Prime; _module_preset=\u00a0\u00bbdefault\u00a0\u00bb custom_margin=\u00a0\u00bb50px||50px||false|false\u00a0\u00bb][\/et_pb_divider][\/et_pb_column][\/et_pb_row][\/et_pb_section][et_pb_section fb_built=\u00a0\u00bb1&Prime; _builder_version=\u00a0\u00bb4.9.4&Prime; _module_preset=\u00a0\u00bbdefault\u00a0\u00bb][et_pb_row _builder_version=\u00a0\u00bb4.9.7&Prime; _module_preset=\u00a0\u00bbdefault\u00a0\u00bb][et_pb_column type=\u00a0\u00bb4_4&Prime; _builder_version=\u00a0\u00bb4.9.7&Prime; _module_preset=\u00a0\u00bbdefault\u00a0\u00bb][et_pb_text _builder_version=\u00a0\u00bb4.9.7&Prime; _module_preset=\u00a0\u00bbdefault\u00a0\u00bb]<\/p>\n<h2 class=\"font_6\"><span class=\"color_15\">Vous souhaitez rejoindre l&rsquo;aventure &amp; devenir Membre ?<\/span><\/h2>\n<p>[\/et_pb_text][\/et_pb_column][\/et_pb_row][et_pb_row column_structure=\u00a0\u00bb3_5,2_5&Prime; _builder_version=\u00a0\u00bb4.9.7&Prime; _module_preset=\u00a0\u00bbdefault\u00a0\u00bb][et_pb_column type=\u00a0\u00bb3_5&Prime; _builder_version=\u00a0\u00bb4.9.7&Prime; _module_preset=\u00a0\u00bbdefault\u00a0\u00bb][et_pb_text _builder_version=\u00a0\u00bb4.9.7&Prime; _module_preset=\u00a0\u00bbdefault\u00a0\u00bb]<\/p>\n<div id=\"comp-juqoho1t4\" class=\"_2bafp\" data-testid=\"richTextElement\">\n<p class=\"font_8\"><span class=\"color_15\"><span>Devenir Membre vous permet de participer \u00e0 la vie de l\u2019association !<\/span><\/span><\/p>\n<ul>\n<li class=\"font_8\"><span style=\"font-size: 16px;\">Vous \u00eates en accord avec <a href=\"https:\/\/fromjoyasso.org\/en\/nos-principes-ethiques\/\">nos valeurs et notre \u00e9thique<\/a> ?<\/span><\/li>\n<li><span style=\"font-size: 16px;\">Vous souhaitez soutenir <\/span><strong style=\"font-size: 16px;\">une cause qui vous tient \u00e0 coeur<\/strong><span style=\"font-size: 16px;\">\u00a0?<\/span><\/li>\n<li class=\"font_8\"><span style=\"font-size: 16px;\">Vous souhaitez faire partie activement d\u2019une association ?<\/span><\/li>\n<\/ul>\n<\/div>\n<p>[\/et_pb_text][et_pb_button button_url=\u00a0\u00bbhttps:\/\/fromjoyasso.org\/nos-principes-ethiques\/\u00a0\u00bb button_text=\u00a0\u00bbLire nos Principes Ethiques\u00a0\u00bb button_alignment=\u00a0\u00bbleft\u00a0\u00bb _builder_version=\u00a0\u00bb4.9.7&Prime; _module_preset=\u00a0\u00bbdefault\u00a0\u00bb custom_button=\u00a0\u00bbon\u00a0\u00bb button_text_size=\u00a0\u00bb16px\u00a0\u00bb background_layout=\u00a0\u00bbdark\u00a0\u00bb][\/et_pb_button][\/et_pb_column][et_pb_column type=\u00a0\u00bb2_5&Prime; _builder_version=\u00a0\u00bb4.9.7&Prime; _module_preset=\u00a0\u00bbdefault\u00a0\u00bb][et_pb_image src=\u00a0\u00bbhttps:\/\/fromjoyasso.org\/wp-content\/uploads\/2021\/05\/5.-From-Joy-Logo-medium-res-chat.png\u00a0\u00bb alt=\u00a0\u00bblogo F.J.A.N.E.\u00a0\u00bb title_text=\u00a0\u00bbFrom Joy to animals, nature, earth\u00a0\u00bb _builder_version=\u00a0\u00bb4.9.7&Prime; _module_preset=\u00a0\u00bbdefault\u00a0\u00bb transform_scale=\u00a0\u00bb60%|60%\u00a0\u00bb custom_margin=\u00a0\u00bb-120px||||false|false\u00a0\u00bb][\/et_pb_image][\/et_pb_column][\/et_pb_row][\/et_pb_section][et_pb_section fb_built=\u00a0\u00bb1&Prime; _builder_version=\u00a0\u00bb4.9.7&Prime; _module_preset=\u00a0\u00bbdefault\u00a0\u00bb background_color=\u00a0\u00bb#1766A8&Prime; custom_margin=\u00a0\u00bb-100px||||false|false\u00a0\u00bb][et_pb_row _builder_version=\u00a0\u00bb4.9.7&Prime; _module_preset=\u00a0\u00bbdefault\u00a0\u00bb][et_pb_column type=\u00a0\u00bb4_4&Prime; _builder_version=\u00a0\u00bb4.9.7&Prime; _module_preset=\u00a0\u00bbdefault\u00a0\u00bb][et_pb_text _builder_version=\u00a0\u00bb4.9.7&Prime; _module_preset=\u00a0\u00bbdefault\u00a0\u00bb text_font_size=\u00a0\u00bb50px\u00a0\u00bb]<\/p>\n<h1 class=\"font_5\" style=\"text-align: center;\"><span class=\"color_15\" style=\"color: #ffffff;\">Je deviens Membre &amp; J&rsquo;Agis !<\/span><\/h1>\n<p>[\/et_pb_text][\/et_pb_column][\/et_pb_row][\/et_pb_section][et_pb_section fb_built=\u00a0\u00bb1&Prime; _builder_version=\u00a0\u00bb4.9.7&Prime; _module_preset=\u00a0\u00bbdefault\u00a0\u00bb][et_pb_row column_structure=\u00a0\u00bb1_3,1_3,1_3&Prime; _builder_version=\u00a0\u00bb4.9.7&Prime; _module_preset=\u00a0\u00bbdefault\u00a0\u00bb][et_pb_column type=\u00a0\u00bb1_3&Prime; _builder_version=\u00a0\u00bb4.9.7&Prime; _module_preset=\u00a0\u00bbdefault\u00a0\u00bb][et_pb_text _builder_version=\u00a0\u00bb4.9.7&Prime; _module_preset=\u00a0\u00bbdefault\u00a0\u00bb text_font=\u00a0\u00bbDancing Script||||||||\u00a0\u00bb text_font_size=\u00a0\u00bb35px\u00a0\u00bb background_color=\u00a0\u00bb#1766A8&Prime; custom_padding=\u00a0\u00bb10px|10px|10px|10px|false|false\u00a0\u00bb hover_enabled=\u00a0\u00bb0&Prime; sticky_enabled=\u00a0\u00bb0&Prime;]<\/p>\n<p class=\"font_2\" style=\"text-align: center;\"><span style=\"color: #ffffff;\"><a href=\"https:\/\/www.helloasso.com\/associations\/from-joy-to-animals-nature-earth\/adhesions\/adhesion-benevole-2022?_gl=1%2azurte5%2a_ga%2aMTUwMzQ3MjQ4Ny4xNjQyMjQzMTQ0%2a_ga_TKC826G3G2%2aMTY0MzcxNTg2OS4xMS4xLjE2NDM3MTYwNzMuMA..&amp;_ga=2.269185653.509509265.1643715871-1503472487.1642243144\" target=\"_blank\" rel=\"nofollow noopener\" style=\"color: #ffffff;\"><span class=\"color_15\">Membre B\u00e9n\u00e9vole&amp;Asso<\/span><\/a><\/span><\/p>\n<p>[\/et_pb_text][et_pb_image src=\u00a0\u00bbhttps:\/\/fromjoyasso.org\/wp-content\/uploads\/2021\/06\/Ecureuil-FJANE.jpg\u00a0\u00bb title_text=\u00a0\u00bbMembre Ecureuil FJANE\u00a0\u00bb align=\u00a0\u00bbcenter\u00a0\u00bb _builder_version=\u00a0\u00bb4.9.7&Prime; _module_preset=\u00a0\u00bbdefault\u00a0\u00bb hover_enabled=\u00a0\u00bb0&Prime; sticky_enabled=\u00a0\u00bb0&Prime;][\/et_pb_image][et_pb_text _builder_version=\u00a0\u00bb4.9.7&Prime; _module_preset=\u00a0\u00bbdefault\u00a0\u00bb text_font=\u00a0\u00bb||||||||\u00a0\u00bb hover_enabled=\u00a0\u00bb0&Prime; sticky_enabled=\u00a0\u00bb0&Prime;]<\/p>\n<div id=\"comp-juqo5g0m1\" class=\"_2bafp\" data-testid=\"richTextElement\" style=\"text-align: center;\"><a href=\"https:\/\/www.helloasso.com\/associations\/from-joy-to-animals-nature-earth\/adhesions\/adhesion-benevole-2022?_gl=1%2azurte5%2a_ga%2aMTUwMzQ3MjQ4Ny4xNjQyMjQzMTQ0%2a_ga_TKC826G3G2%2aMTY0MzcxNTg2OS4xMS4xLjE2NDM3MTYwNzMuMA..&amp;_ga=2.269185653.509509265.1643715871-1503472487.1642243144\" target=\"_blank\" rel=\"nofollow noopener\"><span class=\"color_15\"><span>20\u20ac\/\u00a0an<\/span><\/span><\/a><\/div>\n<div class=\"_2bafp\" data-testid=\"richTextElement\" style=\"text-align: center;\"><span class=\"color_15\"><span><\/span><\/span><\/div>\n<div id=\"comp-juqo5g0m2\" class=\"_2bafp\" data-testid=\"richTextElement\">\n<ul class=\"color_15 font_8\">\n<li><span><span class=\"color_15\">Participation aux assembl\u00e9s g\u00e9n\u00e9rales trimestrielles<\/span><\/span><\/li>\n<li><span><span class=\"color_15\">Accompagnement en CA des animaux dans le besoin<\/span><\/span><\/li>\n<li><span><span class=\"color_15\">Inscription sur le groupe Facebook<\/span><\/span><\/li>\n<li><span><span class=\"color_15\">Publication des communications sur le site<\/span><\/span><\/li>\n<li><span><span class=\"color_15\">Abonnement \u00e0 la Newsletter<\/span><\/span><span><span class=\"color_15\"><\/span><\/span><\/li>\n<\/ul>\n<p>&nbsp;<\/p>\n<\/div>\n<p>[\/et_pb_text][\/et_pb_column][et_pb_column type=\u00a0\u00bb1_3&Prime; _builder_version=\u00a0\u00bb4.9.7&Prime; _module_preset=\u00a0\u00bbdefault\u00a0\u00bb][et_pb_text _builder_version=\u00a0\u00bb4.9.7&Prime; _module_preset=\u00a0\u00bbdefault\u00a0\u00bb text_font=\u00a0\u00bbDancing Script||||||||\u00a0\u00bb text_font_size=\u00a0\u00bb35px\u00a0\u00bb background_color=\u00a0\u00bb#1766A8&Prime; custom_padding=\u00a0\u00bb10px|10px|10px|10px|false|false\u00a0\u00bb]<\/p>\n<p class=\"font_2\" style=\"text-align: center;\"><span class=\"color_15\" style=\"color: #ffffff;\"><a href=\"https:\/\/www.helloasso.com\/associations\/from-joy-to-animals-nature-earth\/adhesions\/adhesion\" target=\"_blank\" rel=\"nofollow noopener\" style=\"color: #ffffff;\">Membre Poussin<\/a><\/span><\/p>\n<p>[\/et_pb_text][et_pb_image src=\u00a0\u00bbhttps:\/\/fromjoyasso.org\/wp-content\/uploads\/2021\/06\/Poussin.jpg\u00a0\u00bb title_text=\u00a0\u00bbMembre Poussin\u00a0\u00bb align=\u00a0\u00bbcenter\u00a0\u00bb _builder_version=\u00a0\u00bb4.9.7&Prime; _module_preset=\u00a0\u00bbdefault\u00a0\u00bb][\/et_pb_image][et_pb_text _builder_version=\u00a0\u00bb4.9.7&Prime; _module_preset=\u00a0\u00bbdefault\u00a0\u00bb text_font=\u00a0\u00bb||||||||\u00a0\u00bb]<\/p>\n<div class=\"_2bafp\" data-testid=\"richTextElement\" style=\"text-align: center;\"><\/div>\n<div id=\"comp-juqo5g0m1\" class=\"_2bafp\" data-testid=\"richTextElement\" style=\"text-align: center;\">\n<div id=\"comp-juqo5g0m7\" class=\"_2bafp\" data-testid=\"richTextElement\">\n<p class=\"font_7\"><span class=\"color_15\"><span>\u00a0<a href=\"https:\/\/www.helloasso.com\/associations\/from-joy-to-animals-nature-earth\/adhesions\/adhesion\" target=\"_blank\" rel=\"nofollow noopener\">5\u20ac\/mois\u00a0(soit 60\u20ac par an)<\/a><\/span><\/span><\/p>\n<p class=\"font_7\"><span class=\"color_15\"><span><\/span><\/span><\/p>\n<\/div>\n<div id=\"comp-juqo5g0m8\" class=\"_2bafp\" data-testid=\"richTextElement\">\n<ul class=\"color_15 font_8\">\n<li>\n<p class=\"font_8\" style=\"text-align: left;\"><span><span class=\"color_15\">Participation aux assembl\u00e9s g\u00e9n\u00e9rales trimestrielles<\/span><\/span><\/p>\n<\/li>\n<li style=\"text-align: left;\">\n<p class=\"font_8\"><span><span class=\"color_15\">5 % de r\u00e9duction sur les stages de C.A.<\/span><\/span><\/p>\n<\/li>\n<li style=\"text-align: left;\">\n<p class=\"font_8\"><span><span class=\"color_15\">Implication dans les projets<\/span><\/span><\/p>\n<\/li>\n<li style=\"text-align: left;\">\n<p class=\"font_8\"><strong>10% sur les journ\u00e9es de Pratique<\/strong><\/p>\n<\/li>\n<li style=\"text-align: left;\">\n<p class=\"font_8\"><span><span class=\"color_15\">Inscription sur le Groupe de pratique FB<\/span><\/span><\/p>\n<\/li>\n<li>\n<p class=\"font_8\" style=\"text-align: left;\"><span><span class=\"color_15\">Abonnement \u00e0 la Newsletter<\/span><\/span><\/p>\n<\/li>\n<li style=\"text-align: left;\"><span><span class=\"color_15\">B\u00e9n\u00e9ficiez des avantages chez nos partenaires<\/span><\/span><\/li>\n<li><span><span class=\"color_15\"><\/span><\/span><\/li>\n<\/ul>\n<\/div>\n<\/div>\n<p>[\/et_pb_text][\/et_pb_column][et_pb_column type=\u00a0\u00bb1_3&Prime; _builder_version=\u00a0\u00bb4.9.7&Prime; _module_preset=\u00a0\u00bbdefault\u00a0\u00bb][et_pb_text _builder_version=\u00a0\u00bb4.9.7&Prime; _module_preset=\u00a0\u00bbdefault\u00a0\u00bb text_font=\u00a0\u00bbDancing Script||||||||\u00a0\u00bb text_font_size=\u00a0\u00bb35px\u00a0\u00bb background_color=\u00a0\u00bb#1766A8&Prime; custom_padding=\u00a0\u00bb10px|10px|10px|10px|false|false\u00a0\u00bb]<\/p>\n<p class=\"font_2\" style=\"text-align: center;\"><span class=\"color_15\" style=\"color: #ffffff;\"><a href=\"https:\/\/www.helloasso.com\/associations\/from-joy-to-animals-nature-earth\/adhesions\/membre-premium\" target=\"_blank\" rel=\"nofollow noopener\" style=\"color: #ffffff;\">Membre Cygne<\/a><\/span><\/p>\n<p>[\/et_pb_text][et_pb_image src=\u00a0\u00bbhttps:\/\/fromjoyasso.org\/wp-content\/uploads\/2021\/06\/Image-de-Nicolas-COMTE.jpg\u00a0\u00bb title_text=\u00a0\u00bbMembre Cygne\u00a0\u00bb align=\u00a0\u00bbcenter\u00a0\u00bb _builder_version=\u00a0\u00bb4.9.7&Prime; _module_preset=\u00a0\u00bbdefault\u00a0\u00bb][\/et_pb_image][et_pb_text _builder_version=\u00a0\u00bb4.9.7&Prime; _module_preset=\u00a0\u00bbdefault\u00a0\u00bb text_font=\u00a0\u00bb||||||||\u00a0\u00bb]<\/p>\n<div id=\"comp-juqo5g0m1\" class=\"_2bafp\" data-testid=\"richTextElement\" style=\"text-align: center;\">\n<div id=\"comp-juqo5g0m7\" class=\"_2bafp\" data-testid=\"richTextElement\">\n<div id=\"comp-juqo5g0m13\" class=\"_2bafp\" data-testid=\"richTextElement\">\n<p class=\"font_7\"><a href=\"https:\/\/www.helloasso.com\/associations\/from-joy-to-animals-nature-earth\/adhesions\/membre-premium\" target=\"_blank\" rel=\"nofollow noopener\"><span class=\"color_15\"><span>10\u20ac\/ mois <\/span><\/span><\/a><a href=\"https:\/\/www.helloasso.com\/associations\/from-joy-to-animals-nature-earth\/adhesions\/membre-premium\" target=\"_blank\" rel=\"nofollow noopener\"><span class=\"color_15\"><span>(soit 120\u20ac par an)<\/span><\/span><\/a><\/p>\n<p class=\"font_7\"><span class=\"color_15\"><span><\/span><\/span><\/p>\n<\/div>\n<div id=\"comp-juqo5g0m14\" class=\"_2bafp\" data-testid=\"richTextElement\">\n<ul class=\"color_15 font_8\">\n<li>\n<p class=\"font_8\" style=\"text-align: left;\"><span><span class=\"color_15\">Participation aux assembl\u00e9s g\u00e9n\u00e9rales trimestrielles<\/span><\/span><\/p>\n<\/li>\n<li style=\"text-align: left;\">\n<p class=\"font_8\"><span>10 % de r\u00e9duction sur les stages de C.A.<\/span><\/p>\n<\/li>\n<li style=\"text-align: left;\">\n<p class=\"font_8\"><span><span class=\"color_15\">Implication dans les projets<\/span><\/span><\/p>\n<\/li>\n<li style=\"text-align: left;\">\n<p class=\"font_8\"><strong><span class=\"color_15\">30% sur les journ\u00e9e de Pratique<\/span><\/strong><\/p>\n<\/li>\n<li style=\"text-align: left;\">\n<p class=\"font_8\"><span><span class=\"color_15\">Inscription dans le Groupe de pratique FB<\/span><\/span><\/p>\n<\/li>\n<li>\n<p class=\"font_8\" style=\"text-align: left;\"><span><span class=\"color_15\">Abonnement \u00e0 la Newsletter<\/span><\/span><\/p>\n<\/li>\n<li>\n<p class=\"font_8\" style=\"text-align: left;\"><span><span class=\"color_15\"><\/span><\/span><span style=\"text-align: center;\">B\u00e9n\u00e9ficiez des avantages chez nos partenaires<\/span><\/p>\n<\/li>\n<\/ul>\n<\/div>\n<\/div>\n<\/div>\n<div id=\"comp-juqo5g0m2\" class=\"_2bafp\" data-testid=\"richTextElement\">\n<ul class=\"color_15 font_8\"><\/ul>\n<\/div>\n<p>[\/et_pb_text][\/et_pb_column][\/et_pb_row][et_pb_row column_structure=\u00a0\u00bb1_3,1_3,1_3&Prime; _builder_version=\u00a0\u00bb4.9.7&Prime; _module_preset=\u00a0\u00bbdefault\u00a0\u00bb custom_margin=\u00a0\u00bb-50px||||false|false\u00a0\u00bb][et_pb_column type=\u00a0\u00bb1_3&Prime; _builder_version=\u00a0\u00bb4.9.7&Prime; _module_preset=\u00a0\u00bbdefault\u00a0\u00bb][et_pb_button button_url=\u00a0\u00bbhttps:\/\/www.helloasso.com\/associations\/from-joy-to-animals-nature-earth\/adhesions\/adhesion-benevole-2022?_gl=1%2azurte5%2a_ga%2aMTUwMzQ3MjQ4Ny4xNjQyMjQzMTQ0%2a_ga_TKC826G3G2%2aMTY0MzcxNTg2OS4xMS4xLjE2NDM3MTYwNzMuMA..&#038;_ga=2.269185653.509509265.1643715871-1503472487.1642243144&Prime; button_text=\u00a0\u00bbJ&rsquo;ADHERE !\u00a0\u00bb button_alignment=\u00a0\u00bbcenter\u00a0\u00bb _builder_version=\u00a0\u00bb4.9.7&Prime; _module_preset=\u00a0\u00bbdefault\u00a0\u00bb custom_button=\u00a0\u00bbon\u00a0\u00bb button_text_size=\u00a0\u00bb16px\u00a0\u00bb button_font=\u00a0\u00bb|700||on|||||\u00a0\u00bb background_layout=\u00a0\u00bbdark\u00a0\u00bb hover_enabled=\u00a0\u00bb0&Prime; sticky_enabled=\u00a0\u00bb0&Prime;][\/et_pb_button][\/et_pb_column][et_pb_column type=\u00a0\u00bb1_3&Prime; _builder_version=\u00a0\u00bb4.9.7&Prime; _module_preset=\u00a0\u00bbdefault\u00a0\u00bb][et_pb_button button_url=\u00a0\u00bbhttps:\/\/www.helloasso.com\/associations\/from-joy-to-animals-nature-earth\/adhesions\/adhesion\u00a0\u00bb button_text=\u00a0\u00bbJ&rsquo;ADHERE !\u00a0\u00bb button_alignment=\u00a0\u00bbcenter\u00a0\u00bb _builder_version=\u00a0\u00bb4.9.7&Prime; _module_preset=\u00a0\u00bbdefault\u00a0\u00bb custom_button=\u00a0\u00bbon\u00a0\u00bb button_text_size=\u00a0\u00bb16px\u00a0\u00bb button_font=\u00a0\u00bb|700||on|||||\u00a0\u00bb background_layout=\u00a0\u00bbdark\u00a0\u00bb][\/et_pb_button][\/et_pb_column][et_pb_column type=\u00a0\u00bb1_3&Prime; _builder_version=\u00a0\u00bb4.9.7&Prime; _module_preset=\u00a0\u00bbdefault\u00a0\u00bb][et_pb_button button_url=\u00a0\u00bbhttps:\/\/www.helloasso.com\/associations\/from-joy-to-animals-nature-earth\/adhesions\/membre-premium\u00a0\u00bb button_text=\u00a0\u00bbJ&rsquo;ADHERE !\u00a0\u00bb button_alignment=\u00a0\u00bbcenter\u00a0\u00bb _builder_version=\u00a0\u00bb4.9.7&Prime; _module_preset=\u00a0\u00bbdefault\u00a0\u00bb custom_button=\u00a0\u00bbon\u00a0\u00bb button_text_size=\u00a0\u00bb16px\u00a0\u00bb button_font=\u00a0\u00bb|700||on|||||\u00a0\u00bb background_layout=\u00a0\u00bbdark\u00a0\u00bb][\/et_pb_button][\/et_pb_column][\/et_pb_row][\/et_pb_section][et_pb_section fb_built=\u00a0\u00bb1&Prime; _builder_version=\u00a0\u00bb4.9.7&Prime; _module_preset=\u00a0\u00bbdefault\u00a0\u00bb background_color=\u00a0\u00bb#1766A8&Prime;][et_pb_row _builder_version=\u00a0\u00bb4.9.7&Prime; _module_preset=\u00a0\u00bbdefault\u00a0\u00bb][et_pb_column type=\u00a0\u00bb4_4&Prime; _builder_version=\u00a0\u00bb4.9.7&Prime; _module_preset=\u00a0\u00bbdefault\u00a0\u00bb][et_pb_text _builder_version=\u00a0\u00bb4.9.7&Prime; _module_preset=\u00a0\u00bbdefault\u00a0\u00bb text_font_size=\u00a0\u00bb50px\u00a0\u00bb]<\/p>\n<h1 class=\"font_5\" style=\"text-align: center;\"><span class=\"color_15\" style=\"color: #ffffff;\">D\u00e9couvrez nos Partenaires !\u00a0<\/span><\/h1>\n<p>[\/et_pb_text][et_pb_button button_url=\u00a0\u00bbhttps:\/\/fromjoyasso.org\/nos-partenaires\/\u00a0\u00bb button_text=\u00a0\u00bbIci\u00a0\u00bb button_alignment=\u00a0\u00bbcenter\u00a0\u00bb _builder_version=\u00a0\u00bb4.9.7&Prime; _module_preset=\u00a0\u00bbdefault\u00a0\u00bb custom_button=\u00a0\u00bbon\u00a0\u00bb button_text_size=\u00a0\u00bb16px\u00a0\u00bb button_border_color=\u00a0\u00bb#FFFFFF\u00a0\u00bb button_icon=\u00a0\u00bb%%22%%\u00a0\u00bb background_layout=\u00a0\u00bbdark\u00a0\u00bb][\/et_pb_button][\/et_pb_column][\/et_pb_row][\/et_pb_section][et_pb_section fb_built=\u00a0\u00bb1&Prime; _builder_version=\u00a0\u00bb4.9.7&Prime; _module_preset=\u00a0\u00bbdefault\u00a0\u00bb][\/et_pb_section]<\/p>","protected":false},"excerpt":{"rendered":"<p>METTEZ VOTRE GRAIN&#8230;Vous souhaitez rejoindre l&rsquo;aventure &amp; devenir Membre ? Devenir Membre vous permet de participer \u00e0 la vie de l\u2019association ! Vous \u00eates en accord avec nos valeurs et notre \u00e9thique ? Vous souhaitez soutenir une cause qui vous tient \u00e0 coeur\u00a0? Vous souhaitez faire partie activement d\u2019une association ? Je deviens Membre &amp; [&hellip;]<\/p>","protected":false},"author":1,"featured_media":0,"parent":0,"menu_order":0,"comment_status":"closed","ping_status":"closed","template":"","meta":{"_et_pb_use_builder":"on","_et_pb_old_content":"","_et_gb_content_width":"","footnotes":""},"class_list":["post-1230","page","type-page","status-publish","hentry"],"jetpack_sharing_enabled":true,"_links":{"self":[{"href":"https:\/\/fromjoyasso.org\/en\/wp-json\/wp\/v2\/pages\/1230","targetHints":{"allow":["GET"]}}],"collection":[{"href":"https:\/\/fromjoyasso.org\/en\/wp-json\/wp\/v2\/pages"}],"about":[{"href":"https:\/\/fromjoyasso.org\/en\/wp-json\/wp\/v2\/types\/page"}],"author":[{"embeddable":true,"href":"https:\/\/fromjoyasso.org\/en\/wp-json\/wp\/v2\/users\/1"}],"replies":[{"embeddable":true,"href":"https:\/\/fromjoyasso.org\/en\/wp-json\/wp\/v2\/comments?post=1230"}],"version-history":[{"count":0,"href":"https:\/\/fromjoyasso.org\/en\/wp-json\/wp\/v2\/pages\/1230\/revisions"}],"wp:attachment":[{"href":"https:\/\/fromjoyasso.org\/en\/wp-json\/wp\/v2\/media?parent=1230"}],"curies":[{"name":"wp","href":"https:\/\/api.w.org\/{rel}","templated":true}]}}