{"id":317,"date":"2021-06-11T11:48:02","date_gmt":"2021-06-11T11:48:02","guid":{"rendered":"https:\/\/fromjoyasso.org\/?page_id=317"},"modified":"2021-06-14T08:59:44","modified_gmt":"2021-06-14T08:59:44","slug":"stage-avance-de-communication-animale","status":"publish","type":"page","link":"https:\/\/fromjoyasso.org\/en\/stage-avance-de-communication-animale\/","title":{"rendered":"Stage Avanc\u00e9 de Communication Animale"},"content":{"rendered":"<p>[et_pb_section fb_built=\u00a0\u00bb1&Prime; _builder_version=\u00a0\u00bb4.9.4&Prime; _module_preset=\u00a0\u00bbdefault\u00a0\u00bb background_image=\u00a0\u00bbhttps:\/\/fromjoyasso.org\/wp-content\/uploads\/2021\/06\/IMG_0656-scaled-e1623661124612.jpg\u00a0\u00bb hover_enabled=\u00a0\u00bb0&Prime; title_text=\u00a0\u00bbIMG_0656&Prime; sticky_enabled=\u00a0\u00bb0&Prime;][et_pb_row _builder_version=\u00a0\u00bb4.9.4&Prime; _module_preset=\u00a0\u00bbdefault\u00a0\u00bb][et_pb_column type=\u00a0\u00bb4_4&Prime; _builder_version=\u00a0\u00bb4.9.4&Prime; _module_preset=\u00a0\u00bbdefault\u00a0\u00bb][et_pb_divider show_divider=\u00a0\u00bboff\u00a0\u00bb _builder_version=\u00a0\u00bb4.9.4&Prime; _module_preset=\u00a0\u00bbdefault\u00a0\u00bb][\/et_pb_divider][et_pb_divider show_divider=\u00a0\u00bboff\u00a0\u00bb _builder_version=\u00a0\u00bb4.9.4&Prime; _module_preset=\u00a0\u00bbdefault\u00a0\u00bb][\/et_pb_divider][et_pb_divider show_divider=\u00a0\u00bboff\u00a0\u00bb _builder_version=\u00a0\u00bb4.9.4&Prime; _module_preset=\u00a0\u00bbdefault\u00a0\u00bb][\/et_pb_divider][et_pb_divider show_divider=\u00a0\u00bboff\u00a0\u00bb _builder_version=\u00a0\u00bb4.9.4&Prime; _module_preset=\u00a0\u00bbdefault\u00a0\u00bb][\/et_pb_divider][et_pb_text _builder_version=\u00a0\u00bb4.9.4&Prime; _module_preset=\u00a0\u00bbdefault\u00a0\u00bb text_font=\u00a0\u00bbMontserrat|900|||||||\u00a0\u00bb text_text_color=\u00a0\u00bb#1766A8&Prime; text_font_size=\u00a0\u00bb46px\u00a0\u00bb custom_margin=\u00a0\u00bb20px||||false|false\u00a0\u00bb hover_enabled=\u00a0\u00bb0&Prime; sticky_enabled=\u00a0\u00bb0&Prime;]<\/p>\n<p>Stage Avanc\u00e9 de Communication Animale<\/p>\n<p>[\/et_pb_text][\/et_pb_column][\/et_pb_row][\/et_pb_section][et_pb_section fb_built=\u00a0\u00bb1&Prime; _builder_version=\u00a0\u00bb4.9.4&Prime; _module_preset=\u00a0\u00bbdefault\u00a0\u00bb][et_pb_row _builder_version=\u00a0\u00bb4.9.4&Prime; _module_preset=\u00a0\u00bbdefault\u00a0\u00bb][et_pb_column type=\u00a0\u00bb4_4&Prime; _builder_version=\u00a0\u00bb4.9.4&Prime; _module_preset=\u00a0\u00bbdefault\u00a0\u00bb][et_pb_text _builder_version=\u00a0\u00bb4.9.4&Prime; _module_preset=\u00a0\u00bbdefault\u00a0\u00bb text_font=\u00a0\u00bbSacramento|700|||||||\u00a0\u00bb text_text_color=\u00a0\u00bb#1766a8&Prime; text_font_size=\u00a0\u00bb50px\u00a0\u00bb]<\/p>\n<div class=\"\" data-block=\"true\" data-editor=\"arsnt\" data-offset-key=\"3bctn-0-0\">\n<div class=\"\" data-block=\"true\" data-editor=\"arsnt\" data-offset-key=\"c6847-0-0\">\n<div class=\"public-DraftStyleDefault-block public-DraftStyleDefault-ltr\" data-offset-key=\"c6847-0-0\"><span data-offset-key=\"fa0dj-0-0\">Comment se d\u00e9roule le stage de Communication Animale ?<\/span><\/div>\n<\/div>\n<div class=\"\" data-block=\"true\" data-editor=\"arsnt\" data-offset-key=\"8lr5d-0-0\">\n<div class=\"public-DraftStyleDefault-block public-DraftStyleDefault-ltr\" data-offset-key=\"8lr5d-0-0\"><\/div>\n<\/div>\n<\/div>\n<p>[\/et_pb_text][\/et_pb_column][\/et_pb_row][et_pb_row column_structure=\u00a0\u00bb1_2,1_2&Prime; _builder_version=\u00a0\u00bb4.9.4&Prime; _module_preset=\u00a0\u00bbdefault\u00a0\u00bb][et_pb_column type=\u00a0\u00bb1_2&Prime; _builder_version=\u00a0\u00bb4.9.4&Prime; _module_preset=\u00a0\u00bbdefault\u00a0\u00bb][et_pb_text _builder_version=\u00a0\u00bb4.9.4&Prime; _module_preset=\u00a0\u00bbdefault\u00a0\u00bb]<\/p>\n<div class=\"\" data-block=\"true\" data-editor=\"arsnt\" data-offset-key=\"3bctn-0-0\">\n<h5 class=\"public-DraftStyleDefault-block public-DraftStyleDefault-ltr\" data-offset-key=\"3bctn-0-0\"><strong>Le Samedi :<\/strong><\/h5>\n<\/div>\n<p>[\/et_pb_text][et_pb_text _builder_version=\u00a0\u00bb4.9.4&Prime; _module_preset=\u00a0\u00bbdefault\u00a0\u00bb]<\/p>\n<div class=\"\" data-block=\"true\" data-editor=\"arsnt\" data-offset-key=\"3bctn-0-0\">\n<div class=\"public-DraftStyleDefault-block public-DraftStyleDefault-ltr\" data-offset-key=\"3bctn-0-0\">\n<p><strong>La journ\u00e9e commencera \u00e0 10h autour d\u2019une premi\u00e8re communication.<\/strong><\/p>\n<p>Au programme :<\/p>\n<ul>\n<li>Cercle de parole : <strong>retour d\u2019exp\u00e9riences<\/strong> de Communications<\/li>\n<li>Toutes les clefs pour faire <strong>r\u00e9aliser une communication compl\u00e8te<\/strong><\/li>\n<li><strong>Animal Miroir<\/strong> : D\u00e9couverte du <strong>miroir<\/strong> que nous renvoie notre animal. Exercice th\u00e9rapeutique.\u00a0<\/li>\n<li>Pratique et <strong>approfondissement<\/strong>\u00a0avec les Animaux pr\u00e9sent sur le lieu de stage, animaux d\u00e9c\u00e9d\u00e9s, traumatis\u00e9s, de refuge\u00a0<span style=\"font-size: 16px;\">+ les pr\u00e9cautions avant de communiquer.<\/span><\/li>\n<\/ul>\n<p>Nous prendrons 1h\/ 1h30 de pause d\u00e9jeuner.<\/p>\n<p>Vous aurez l\u2019option de commander\u00a0<i>en avance<\/i>\u00a0vos repas V\u00e9g\u00e9taliens aupr\u00e8s de Kendy H.<\/p>\n<\/div>\n<\/div>\n<div class=\"\" data-block=\"true\" data-editor=\"arsnt\" data-offset-key=\"7ko62-0-0\"><\/div>\n<div class=\"\" data-block=\"true\" data-editor=\"arsnt\" data-offset-key=\"bavgd-0-0\">\n<div class=\"public-DraftStyleDefault-block public-DraftStyleDefault-ltr\" data-offset-key=\"bavgd-0-0\"><span data-offset-key=\"bavgd-0-0\">\u00a0<\/span><\/div>\n<\/div>\n<div class=\"\" data-block=\"true\" data-editor=\"arsnt\" data-offset-key=\"cm7p6-0-0\"><\/div>\n<div class=\"\" data-block=\"true\" data-editor=\"arsnt\" data-offset-key=\"2qs97-0-0\">\n<div class=\"public-DraftStyleDefault-block public-DraftStyleDefault-ltr\" data-offset-key=\"2qs97-0-0\"><\/div>\n<\/div>\n<p>[\/et_pb_text][\/et_pb_column][et_pb_column type=\u00a0\u00bb1_2&Prime; _builder_version=\u00a0\u00bb4.9.4&Prime; _module_preset=\u00a0\u00bbdefault\u00a0\u00bb][et_pb_text _builder_version=\u00a0\u00bb4.9.4&Prime; _module_preset=\u00a0\u00bbdefault\u00a0\u00bb]<\/p>\n<div class=\"\" data-block=\"true\" data-editor=\"arsnt\" data-offset-key=\"3bctn-0-0\">\n<h5 class=\"public-DraftStyleDefault-block public-DraftStyleDefault-ltr\" data-offset-key=\"3bctn-0-0\"><strong>Le Dimanche :<\/strong><\/h5>\n<\/div>\n<p>[\/et_pb_text][et_pb_text _builder_version=\u00a0\u00bb4.9.4&Prime; _module_preset=\u00a0\u00bbdefault\u00a0\u00bb]<\/p>\n<div class=\"\" data-block=\"true\" data-editor=\"arsnt\" data-offset-key=\"3bctn-0-0\">\n<div class=\"public-DraftStyleDefault-block public-DraftStyleDefault-ltr\" data-offset-key=\"3bctn-0-0\">\n<div class=\"\" data-block=\"true\" data-editor=\"arsnt\" data-offset-key=\"cm7p6-0-0\">\n<div class=\"public-DraftStyleDefault-block public-DraftStyleDefault-ltr\" data-offset-key=\"cm7p6-0-0\"><\/div>\n<\/div>\n<div class=\"\" data-block=\"true\" data-editor=\"arsnt\" data-offset-key=\"1deud-0-0\">\n<div class=\"public-DraftStyleDefault-block public-DraftStyleDefault-ltr\" data-offset-key=\"1deud-0-0\">\n<p><strong>La journ\u00e9e commencera \u00e0 10h avec l\u2019enseignement d\u2019un animal Sauvage !<\/strong><\/p>\n<p>Au programme :<\/p>\n<p>&nbsp;<\/p>\n<ul>\n<li>Recommandations pour les <strong>communcations avec les Animaux Sauvages\u00a0<\/strong><\/li>\n<li><strong style=\"font-size: 16px;\">Cercle de parole<\/strong><span style=\"font-size: 16px;\"> autour des animaux de Zoo, Cirque, Agriculture, en Captivit\u00e9 et dans les refuges\u2026<\/span><\/li>\n<li>D\u00e9couverte de diff\u00e9rentes techniques de gu\u00e9rison \u00e9nerg\u00e9tique (sur demande),<\/li>\n<li>Allier une communication avec un soin<\/li>\n<li>Cas pratiques<\/li>\n<li>et plein d\u2019autre surprises !&#8230;<\/li>\n<\/ul>\n<\/div>\n<\/div>\n<div class=\"\" data-block=\"true\" data-editor=\"arsnt\" data-offset-key=\"us2d-0-0\"><\/div>\n<div class=\"\" data-block=\"true\" data-editor=\"arsnt\" data-offset-key=\"c6847-0-0\"><\/div>\n<div class=\"\" data-block=\"true\" data-editor=\"arsnt\" data-offset-key=\"2qs97-0-0\">\n<div class=\"public-DraftStyleDefault-block public-DraftStyleDefault-ltr\" data-offset-key=\"2qs97-0-0\"><\/div>\n<\/div>\n<\/div>\n<\/div>\n<div class=\"\" data-block=\"true\" data-editor=\"arsnt\" data-offset-key=\"2qs97-0-0\"><\/div>\n<p>[\/et_pb_text][\/et_pb_column][\/et_pb_row][et_pb_row _builder_version=\u00a0\u00bb4.9.4&Prime; _module_preset=\u00a0\u00bbdefault\u00a0\u00bb][et_pb_column type=\u00a0\u00bb4_4&Prime; _builder_version=\u00a0\u00bb4.9.4&Prime; _module_preset=\u00a0\u00bbdefault\u00a0\u00bb][et_pb_text _builder_version=\u00a0\u00bb4.9.4&Prime; _module_preset=\u00a0\u00bbdefault\u00a0\u00bb text_font=\u00a0\u00bbSacramento|700|||||||\u00a0\u00bb text_text_color=\u00a0\u00bb#1766a8&Prime; text_font_size=\u00a0\u00bb50px\u00a0\u00bb]<\/p>\n<div class=\"\" data-block=\"true\" data-editor=\"arsnt\" data-offset-key=\"3bctn-0-0\">\n<div class=\"\" data-block=\"true\" data-editor=\"arsnt\" data-offset-key=\"c6847-0-0\">\n<div class=\"public-DraftStyleDefault-block public-DraftStyleDefault-ltr\" data-offset-key=\"c6847-0-0\"><span data-offset-key=\"c6847-0-0\">A Qui s\u2019adresse ce stage de Communication Animale ?<\/span><\/div>\n<\/div>\n<div class=\"\" data-block=\"true\" data-editor=\"arsnt\" data-offset-key=\"8lr5d-0-0\">\n<div class=\"public-DraftStyleDefault-block public-DraftStyleDefault-ltr\" data-offset-key=\"8lr5d-0-0\"><\/div>\n<\/div>\n<\/div>\n<p>[\/et_pb_text][et_pb_text _builder_version=\u00a0\u00bb4.9.4&Prime; _module_preset=\u00a0\u00bbdefault\u00a0\u00bb]<\/p>\n<div class=\"\" data-block=\"true\" data-editor=\"arsnt\" data-offset-key=\"3bctn-0-0\"><span><strong>Aux communicateurs qui ont d\u00e9j\u00e0 particip\u00e9 \u00e0 une initiation<\/strong>.\u00a0Ce week-end est une occasion de parfaire votre pratique et de vous retrouver entre communicateurs initi\u00e9s pour envoyer vos puissantes \u00e9nergies d&rsquo;amour et de gu\u00e9rison aux animaux de notre plan\u00e8te.<\/span><\/div>\n<div class=\"\" data-block=\"true\" data-editor=\"arsnt\" data-offset-key=\"2qs97-0-0\"><\/div>\n<p>[\/et_pb_text][\/et_pb_column][\/et_pb_row][et_pb_row _builder_version=\u00a0\u00bb4.9.4&Prime; _module_preset=\u00a0\u00bbdefault\u00a0\u00bb][et_pb_column type=\u00a0\u00bb4_4&Prime; _builder_version=\u00a0\u00bb4.9.4&Prime; _module_preset=\u00a0\u00bbdefault\u00a0\u00bb][et_pb_button button_url=\u00a0\u00bbhttps:\/\/www.helloasso.com\/associations\/from-joy-to-animals-nature-earth\/evenements\/10-11-juillet-2021-initiation-a-la-communication-animale\u00a0\u00bb button_text=\u00a0\u00bbJe m&rsquo;inscris \u00a0\u00bb button_alignment=\u00a0\u00bbcenter\u00a0\u00bb _builder_version=\u00a0\u00bb4.9.4&Prime; _module_preset=\u00a0\u00bbdefault\u00a0\u00bb custom_button=\u00a0\u00bbon\u00a0\u00bb button_text_size=\u00a0\u00bb30px\u00a0\u00bb button_font=\u00a0\u00bbMontserrat|600|||||||\u00a0\u00bb button_icon=\u00a0\u00bb%%20%%\u00a0\u00bb button_icon_color=\u00a0\u00bb#FFFFFF\u00a0\u00bb background_layout=\u00a0\u00bbdark\u00a0\u00bb button_text_shadow_style=\u00a0\u00bbpreset1&Prime; box_shadow_style=\u00a0\u00bbpreset1&Prime;][\/et_pb_button][\/et_pb_column][\/et_pb_row][\/et_pb_section]<\/p>","protected":false},"excerpt":{"rendered":"<p>Stage Avanc\u00e9 de Communication Animale Comment se d\u00e9roule le stage de Communication Animale ? Le Samedi : La journ\u00e9e commencera \u00e0 10h autour d\u2019une premi\u00e8re communication. Au programme : Cercle de parole : retour d\u2019exp\u00e9riences de Communications Toutes les clefs pour faire r\u00e9aliser une communication compl\u00e8te Animal Miroir : D\u00e9couverte du miroir que nous renvoie [&hellip;]<\/p>","protected":false},"author":1,"featured_media":0,"parent":0,"menu_order":0,"comment_status":"closed","ping_status":"closed","template":"","meta":{"_et_pb_use_builder":"on","_et_pb_old_content":"","_et_gb_content_width":"","footnotes":""},"class_list":["post-317","page","type-page","status-publish","hentry"],"jetpack_sharing_enabled":true,"_links":{"self":[{"href":"https:\/\/fromjoyasso.org\/en\/wp-json\/wp\/v2\/pages\/317","targetHints":{"allow":["GET"]}}],"collection":[{"href":"https:\/\/fromjoyasso.org\/en\/wp-json\/wp\/v2\/pages"}],"about":[{"href":"https:\/\/fromjoyasso.org\/en\/wp-json\/wp\/v2\/types\/page"}],"author":[{"embeddable":true,"href":"https:\/\/fromjoyasso.org\/en\/wp-json\/wp\/v2\/users\/1"}],"replies":[{"embeddable":true,"href":"https:\/\/fromjoyasso.org\/en\/wp-json\/wp\/v2\/comments?post=317"}],"version-history":[{"count":0,"href":"https:\/\/fromjoyasso.org\/en\/wp-json\/wp\/v2\/pages\/317\/revisions"}],"wp:attachment":[{"href":"https:\/\/fromjoyasso.org\/en\/wp-json\/wp\/v2\/media?parent=317"}],"curies":[{"name":"wp","href":"https:\/\/api.w.org\/{rel}","templated":true}]}}