{"id":374,"date":"2021-06-14T12:10:10","date_gmt":"2021-06-14T12:10:10","guid":{"rendered":"https:\/\/fromjoyasso.org\/payment-failed\/"},"modified":"2021-07-15T06:48:12","modified_gmt":"2021-07-15T06:48:12","slug":"payment-failed","status":"publish","type":"page","link":"https:\/\/fromjoyasso.org\/en\/payment-failed\/","title":{"rendered":"Echec du paiement"},"content":{"rendered":"<p>D\u00e9sol\u00e9, le paiement n&rsquo;a pas \u00e9t\u00e9 accept\u00e9, veuillez r\u00e9essayer ou contacter le site. <\/p>","protected":false},"excerpt":{"rendered":"<p>D\u00e9sol\u00e9, le paiement n&rsquo;a pas \u00e9t\u00e9 accept\u00e9, veuillez r\u00e9essayer ou contacter le site.<\/p>","protected":false},"author":1,"featured_media":0,"parent":0,"menu_order":0,"comment_status":"closed","ping_status":"closed","template":"","meta":{"_et_pb_use_builder":"","_et_pb_old_content":"","_et_gb_content_width":"","footnotes":""},"class_list":["post-374","page","type-page","status-publish","hentry"],"jetpack_sharing_enabled":true,"_links":{"self":[{"href":"https:\/\/fromjoyasso.org\/en\/wp-json\/wp\/v2\/pages\/374","targetHints":{"allow":["GET"]}}],"collection":[{"href":"https:\/\/fromjoyasso.org\/en\/wp-json\/wp\/v2\/pages"}],"about":[{"href":"https:\/\/fromjoyasso.org\/en\/wp-json\/wp\/v2\/types\/page"}],"author":[{"embeddable":true,"href":"https:\/\/fromjoyasso.org\/en\/wp-json\/wp\/v2\/users\/1"}],"replies":[{"embeddable":true,"href":"https:\/\/fromjoyasso.org\/en\/wp-json\/wp\/v2\/comments?post=374"}],"version-history":[{"count":0,"href":"https:\/\/fromjoyasso.org\/en\/wp-json\/wp\/v2\/pages\/374\/revisions"}],"wp:attachment":[{"href":"https:\/\/fromjoyasso.org\/en\/wp-json\/wp\/v2\/media?parent=374"}],"curies":[{"name":"wp","href":"https:\/\/api.w.org\/{rel}","templated":true}]}}