{"id":538,"date":"2021-06-17T16:04:51","date_gmt":"2021-06-17T16:04:51","guid":{"rendered":"https:\/\/fromjoyasso.org\/?page_id=538"},"modified":"2021-07-07T15:33:24","modified_gmt":"2021-07-07T15:33:24","slug":"nos-principes-ethiques","status":"publish","type":"page","link":"https:\/\/fromjoyasso.org\/en\/nos-principes-ethiques\/","title":{"rendered":"NOS PRINCIPES ETHIQUES"},"content":{"rendered":"<p>[et_pb_section fb_built=\u00a0\u00bb1&Prime; _builder_version=\u00a0\u00bb4.9.4&Prime; _module_preset=\u00a0\u00bbdefault\u00a0\u00bb background_image=\u00a0\u00bbhttps:\/\/fromjoyasso.org\/wp-content\/uploads\/2021\/06\/AFRIKA-176-scaled.jpg\u00a0\u00bb parallax=\u00a0\u00bbon\u00a0\u00bb parallax_method=\u00a0\u00bboff\u00a0\u00bb][et_pb_row _builder_version=\u00a0\u00bb4.9.4&Prime; _module_preset=\u00a0\u00bbdefault\u00a0\u00bb][et_pb_column type=\u00a0\u00bb4_4&Prime; _builder_version=\u00a0\u00bb4.9.4&Prime; _module_preset=\u00a0\u00bbdefault\u00a0\u00bb][et_pb_text _builder_version=\u00a0\u00bb4.9.7&Prime; _module_preset=\u00a0\u00bbdefault\u00a0\u00bb text_font=\u00a0\u00bb|800||on|||||\u00a0\u00bb text_text_color=\u00a0\u00bb#FFFFFF\u00a0\u00bb text_font_size=\u00a0\u00bb50px\u00a0\u00bb text_orientation=\u00a0\u00bbright\u00a0\u00bb hover_enabled=\u00a0\u00bb0&Prime; text_letter_spacing_tablet=\u00a0\u00bb\u00a0\u00bb text_letter_spacing_phone=\u00a0\u00bb0px\u00a0\u00bb text_letter_spacing_last_edited=\u00a0\u00bbon|tablet\u00a0\u00bb text_line_height_tablet=\u00a0\u00bb1.8em\u00a0\u00bb text_line_height_phone=\u00a0\u00bb1.8em\u00a0\u00bb text_line_height_last_edited=\u00a0\u00bbon|phone\u00a0\u00bb text_text_shadow_style=\u00a0\u00bbpreset1&Prime; sticky_enabled=\u00a0\u00bb0&Prime;]<\/p>\n<p style=\"text-align: left;\">Nos Principes \u00e9thiques<\/p>\n<p>[\/et_pb_text][et_pb_divider show_divider=\u00a0\u00bboff\u00a0\u00bb _builder_version=\u00a0\u00bb4.9.4&Prime; _module_preset=\u00a0\u00bbdefault\u00a0\u00bb custom_margin=\u00a0\u00bb50px||50px||false|false\u00a0\u00bb][\/et_pb_divider][et_pb_divider show_divider=\u00a0\u00bboff\u00a0\u00bb _builder_version=\u00a0\u00bb4.9.4&Prime; _module_preset=\u00a0\u00bbdefault\u00a0\u00bb custom_margin=\u00a0\u00bb50px||50px||false|false\u00a0\u00bb][\/et_pb_divider][et_pb_divider show_divider=\u00a0\u00bboff\u00a0\u00bb _builder_version=\u00a0\u00bb4.9.4&Prime; _module_preset=\u00a0\u00bbdefault\u00a0\u00bb custom_margin=\u00a0\u00bb50px||50px||false|false\u00a0\u00bb][\/et_pb_divider][et_pb_divider show_divider=\u00a0\u00bboff\u00a0\u00bb _builder_version=\u00a0\u00bb4.9.4&Prime; _module_preset=\u00a0\u00bbdefault\u00a0\u00bb custom_margin=\u00a0\u00bb50px||50px||false|false\u00a0\u00bb][\/et_pb_divider][et_pb_divider show_divider=\u00a0\u00bboff\u00a0\u00bb _builder_version=\u00a0\u00bb4.9.4&Prime; _module_preset=\u00a0\u00bbdefault\u00a0\u00bb custom_margin=\u00a0\u00bb50px||50px||false|false\u00a0\u00bb][\/et_pb_divider][\/et_pb_column][\/et_pb_row][\/et_pb_section][et_pb_section fb_built=\u00a0\u00bb1&Prime; _builder_version=\u00a0\u00bb4.9.4&Prime; _module_preset=\u00a0\u00bbdefault\u00a0\u00bb][et_pb_row _builder_version=\u00a0\u00bb4.9.4&Prime; _module_preset=\u00a0\u00bbdefault\u00a0\u00bb][et_pb_column type=\u00a0\u00bb4_4&Prime; _builder_version=\u00a0\u00bb4.9.4&Prime; _module_preset=\u00a0\u00bbdefault\u00a0\u00bb][et_pb_divider color=\u00a0\u00bb#4B1707&Prime; divider_weight=\u00a0\u00bb5px\u00a0\u00bb _builder_version=\u00a0\u00bb4.9.4&Prime; _module_preset=\u00a0\u00bbdefault\u00a0\u00bb custom_margin=\u00a0\u00bb|500px||500px|false|false\u00a0\u00bb][\/et_pb_divider][et_pb_text _builder_version=\u00a0\u00bb4.9.7&Prime; _module_preset=\u00a0\u00bbdefault\u00a0\u00bb text_font_size=\u00a0\u00bb20px\u00a0\u00bb]<\/p>\n<div id=\"comp-ju8mgod94\" class=\"_2bafp\" data-testid=\"richTextElement\">\n<p class=\"font_7\" style=\"text-align: center;\"><span style=\"font-size: large;\"><strong><span class=\"color_15\">Ensemble pour un avenir meilleur<\/span><\/strong><\/span><\/p>\n<\/div>\n<div id=\"comp-ju8mgod95\" class=\"_2bafp\" data-testid=\"richTextElement\">\n<p class=\"font_9\" style=\"text-align: center;\"><span class=\"color_15\" style=\"font-size: large;\">Notre\u00a0Association\u00a0\u00e0 but non lucratif\u00a0\u00a0From Joy to Animals, Nature, Earth,\u00a0est destin\u00e9e \u00e0 :<\/span><\/p>\n<\/div>\n<p>[\/et_pb_text][et_pb_text _builder_version=\u00a0\u00bb4.9.7&Prime; _module_preset=\u00a0\u00bbdefault\u00a0\u00bb text_font_size=\u00a0\u00bb20px\u00a0\u00bb]<\/p>\n<div id=\"comp-ju8mgod94\" class=\"_2bafp\" data-testid=\"richTextElement\">\n<ul>\n<li class=\"font_9\"><span class=\"color_15\">Eveiller\u00a0\u00e0 la communication animale\/ intuitive, inter-esp\u00e8ces.<\/span><\/li>\n<li class=\"font_9\"><span class=\"color_15\">Transmettre\u00a0les messages des animaux sauvages \u00e0 travers cette communication universelle.<\/span><\/li>\n<li class=\"font_9\"><span class=\"color_15\">Promouvoir\u00a0un mode de vie plus \u00e9thique et respectueux des animaux.<\/span><\/li>\n<\/ul>\n<\/div>\n<p>[\/et_pb_text][et_pb_divider color=\u00a0\u00bb#4B1707&Prime; divider_weight=\u00a0\u00bb5px\u00a0\u00bb _builder_version=\u00a0\u00bb4.9.4&Prime; _module_preset=\u00a0\u00bbdefault\u00a0\u00bb custom_margin=\u00a0\u00bb|500px||500px|false|false\u00a0\u00bb][\/et_pb_divider][et_pb_text _builder_version=\u00a0\u00bb4.9.7&Prime; _module_preset=\u00a0\u00bbdefault\u00a0\u00bb text_font_size=\u00a0\u00bb20px\u00a0\u00bb]<\/p>\n<div id=\"comp-ju8mgod94\" class=\"_2bafp\" data-testid=\"richTextElement\">\n<p class=\"font_9\" style=\"text-align: left;\"><strong><span class=\"color_15\">NOS VALEURS FONDAMENTALES\u00a0sont :<\/span><\/strong><\/p>\n<ul>\n<li class=\"font_9\" style=\"text-align: left;\"><span class=\"color_15\">Respecter tous les \u00eatres\u00a0de toutes esp\u00e8ces, y compris les \u00eatres humains.<\/span><\/li>\n<li class=\"font_9\"><span class=\"color_15\">Ecouter\u00a0chaque \u00eatre.<\/span><\/li>\n<li class=\"font_9\"><span class=\"color_15\">Informer,\u00a0\u00e9duquer et\/ou accompagner\u00a0en conscience\u00a0l\u2019humain et l\u2019animal dans la bienveillance et le respect de son esp\u00e8ce.<\/span><\/li>\n<li class=\"font_9\"><span class=\"color_15\">Retranscrire fid\u00e8lement\u00a0les messages des animaux tels que nous les avons re\u00e7us, avec amour et empathie.<\/span><\/li>\n<li class=\"font_9\"><span class=\"color_15\">Tenir ses engagements\u00a0dans le cadre d\u2019une communication (suivi de l\u2019animal et de son humain), d\u2019une action ou d\u2019un \u00e9v\u00e9nement.<\/span><\/li>\n<li class=\"font_9\"><span class=\"color_15\">Echanger\u00a0: l\u2019Association est un lieu de partage gratuit, aucune d\u00e9marche commerciale ne sera tol\u00e9r\u00e9e.<\/span><\/li>\n<li class=\"font_9\"><span class=\"color_15\">L\u2019amour et l\u2019empathie\u00a0sont nos ma\u00eetres mots.<\/span><\/li>\n<\/ul>\n<\/div>\n<p>[\/et_pb_text][et_pb_divider color=\u00a0\u00bb#4B1707&Prime; divider_weight=\u00a0\u00bb5px\u00a0\u00bb _builder_version=\u00a0\u00bb4.9.4&Prime; _module_preset=\u00a0\u00bbdefault\u00a0\u00bb custom_margin=\u00a0\u00bb|500px||500px|false|false\u00a0\u00bb][\/et_pb_divider][et_pb_text _builder_version=\u00a0\u00bb4.9.7&Prime; _module_preset=\u00a0\u00bbdefault\u00a0\u00bb text_font_size=\u00a0\u00bb20px\u00a0\u00bb]<\/p>\n<div data-mesh-id=\"comp-ju8mgod91inlineContent\" data-testid=\"inline-content\" class=\"\">\n<div data-mesh-id=\"comp-ju8mgod91inlineContent-gridContainer\" data-testid=\"mesh-container-content\">\n<div id=\"comp-ju8mgod95\" class=\"_2bafp\" data-testid=\"richTextElement\">\n<ul class=\"font_9 color_15\">\n<li style=\"list-style-type: none;\">\n<ul class=\"font_9 color_15\"><\/ul>\n<p class=\"font_9\"><strong><span class=\"color_15\">NOS ACTIONS\u00a0sont :<\/span><\/strong><\/p>\n<ul class=\"font_9 color_15\">\n<li>\n<p class=\"font_9\"><span class=\"color_15\">Agir\u00a0dans une d\u00e9marche d\u2019ouverture des consciences.<\/span><\/p>\n<\/li>\n<li>\n<p class=\"font_9\"><span class=\"color_15\">Respecter\u00a0l\u2019environnement, la libert\u00e9 et le choix de vie de chaque \u00eatre vivant.<\/span><\/p>\n<\/li>\n<li>\n<p class=\"font_9\"><span class=\"color_15\">Communiquer\u00a0gracieusement\u00a0avec tous les animaux sauvages, errants ou dans les refuges.<\/span><\/p>\n<\/li>\n<li>\n<p class=\"font_9\"><span class=\"color_15\">Collaborer\u00a0en partenariat avec les v\u00e9t\u00e9rinaires, les \u00e9thologues, les comportementalistes et \u00e9ducateurs canins.<\/span><\/p>\n<\/li>\n<li>\n<p class=\"font_9\"><span class=\"color_15\">Intervenir\u00a0en communication animale dans\u00a0le respect des Principes Ethiques.<\/span><\/p>\n<\/li>\n<\/ul>\n<\/li>\n<\/ul>\n<\/div>\n<\/div>\n<\/div>\n<p>[\/et_pb_text][et_pb_image src=\u00a0\u00bbhttps:\/\/fromjoyasso.org\/wp-content\/uploads\/2021\/05\/5.-From-Joy-Logo-medium-res-chat.png\u00a0\u00bb alt=\u00a0\u00bblogo F.J.A.N.E.\u00a0\u00bb title_text=\u00a0\u00bbFrom Joy to animals, nature, earth\u00a0\u00bb align=\u00a0\u00bbcenter\u00a0\u00bb _builder_version=\u00a0\u00bb4.9.4&Prime; _module_preset=\u00a0\u00bbdefault\u00a0\u00bb width=\u00a0\u00bb46%\u00a0\u00bb][\/et_pb_image][\/et_pb_column][\/et_pb_row][\/et_pb_section]<\/p>","protected":false},"excerpt":{"rendered":"<p>Nos Principes \u00e9thiques Ensemble pour un avenir meilleur Notre\u00a0Association\u00a0\u00e0 but non lucratif\u00a0\u00a0From Joy to Animals, Nature, Earth,\u00a0est destin\u00e9e \u00e0 : Eveiller\u00a0\u00e0 la communication animale\/ intuitive, inter-esp\u00e8ces. Transmettre\u00a0les messages des animaux sauvages \u00e0 travers cette communication universelle. Promouvoir\u00a0un mode de vie plus \u00e9thique et respectueux des animaux. NOS VALEURS FONDAMENTALES\u00a0sont : Respecter tous les \u00eatres\u00a0de toutes [&hellip;]<\/p>","protected":false},"author":1,"featured_media":0,"parent":0,"menu_order":0,"comment_status":"closed","ping_status":"closed","template":"","meta":{"_et_pb_use_builder":"on","_et_pb_old_content":"","_et_gb_content_width":"","footnotes":""},"class_list":["post-538","page","type-page","status-publish","hentry"],"jetpack_sharing_enabled":true,"_links":{"self":[{"href":"https:\/\/fromjoyasso.org\/en\/wp-json\/wp\/v2\/pages\/538","targetHints":{"allow":["GET"]}}],"collection":[{"href":"https:\/\/fromjoyasso.org\/en\/wp-json\/wp\/v2\/pages"}],"about":[{"href":"https:\/\/fromjoyasso.org\/en\/wp-json\/wp\/v2\/types\/page"}],"author":[{"embeddable":true,"href":"https:\/\/fromjoyasso.org\/en\/wp-json\/wp\/v2\/users\/1"}],"replies":[{"embeddable":true,"href":"https:\/\/fromjoyasso.org\/en\/wp-json\/wp\/v2\/comments?post=538"}],"version-history":[{"count":0,"href":"https:\/\/fromjoyasso.org\/en\/wp-json\/wp\/v2\/pages\/538\/revisions"}],"wp:attachment":[{"href":"https:\/\/fromjoyasso.org\/en\/wp-json\/wp\/v2\/media?parent=538"}],"curies":[{"name":"wp","href":"https:\/\/api.w.org\/{rel}","templated":true}]}}