{"id":70,"date":"2021-06-07T12:38:32","date_gmt":"2021-06-07T12:38:32","guid":{"rendered":"https:\/\/fromjoyasso.org\/?page_id=70"},"modified":"2021-07-07T19:50:22","modified_gmt":"2021-07-07T19:50:22","slug":"qui-sommes-nous","status":"publish","type":"page","link":"https:\/\/fromjoyasso.org\/en\/qui-sommes-nous\/","title":{"rendered":"QUI SOMMES NOUS ?"},"content":{"rendered":"<p>[et_pb_section fb_built=\u00a0\u00bb1&Prime; _builder_version=\u00a0\u00bb4.9.4&Prime; _module_preset=\u00a0\u00bbdefault\u00a0\u00bb background_image=\u00a0\u00bbhttps:\/\/fromjoyasso.org\/wp-content\/uploads\/2021\/06\/AFRIKA-163-scaled.jpg\u00a0\u00bb parallax=\u00a0\u00bbon\u00a0\u00bb][et_pb_row _builder_version=\u00a0\u00bb4.9.4&Prime; _module_preset=\u00a0\u00bbdefault\u00a0\u00bb][et_pb_column type=\u00a0\u00bb4_4&Prime; _builder_version=\u00a0\u00bb4.9.4&Prime; _module_preset=\u00a0\u00bbdefault\u00a0\u00bb][et_pb_text _builder_version=\u00a0\u00bb4.9.7&Prime; _module_preset=\u00a0\u00bbdefault\u00a0\u00bb text_font=\u00a0\u00bb|800|||||||\u00a0\u00bb text_text_color=\u00a0\u00bb#FFFFFF\u00a0\u00bb text_font_size=\u00a0\u00bb50px\u00a0\u00bb text_orientation=\u00a0\u00bbright\u00a0\u00bb hover_enabled=\u00a0\u00bb0&Prime; text_text_shadow_style=\u00a0\u00bbpreset1&Prime; text_line_height_last_edited=\u00a0\u00bbon|phone\u00a0\u00bb text_line_height_phone=\u00a0\u00bb1em\u00a0\u00bb sticky_enabled=\u00a0\u00bb0&Prime;]<\/p>\n<p style=\"text-align: left;\">QUI SOMMES NOUS ?<\/p>\n<p>[\/et_pb_text][et_pb_divider show_divider=\u00a0\u00bboff\u00a0\u00bb _builder_version=\u00a0\u00bb4.9.4&Prime; _module_preset=\u00a0\u00bbdefault\u00a0\u00bb custom_margin=\u00a0\u00bb50px||50px||false|false\u00a0\u00bb][\/et_pb_divider][et_pb_divider show_divider=\u00a0\u00bboff\u00a0\u00bb _builder_version=\u00a0\u00bb4.9.4&Prime; _module_preset=\u00a0\u00bbdefault\u00a0\u00bb custom_margin=\u00a0\u00bb50px||50px||false|false\u00a0\u00bb][\/et_pb_divider][et_pb_divider show_divider=\u00a0\u00bboff\u00a0\u00bb _builder_version=\u00a0\u00bb4.9.4&Prime; _module_preset=\u00a0\u00bbdefault\u00a0\u00bb custom_margin=\u00a0\u00bb50px||50px||false|false\u00a0\u00bb][\/et_pb_divider][et_pb_divider show_divider=\u00a0\u00bboff\u00a0\u00bb _builder_version=\u00a0\u00bb4.9.4&Prime; _module_preset=\u00a0\u00bbdefault\u00a0\u00bb custom_margin=\u00a0\u00bb50px||50px||false|false\u00a0\u00bb][\/et_pb_divider][\/et_pb_column][\/et_pb_row][\/et_pb_section][et_pb_section fb_built=\u00a0\u00bb1&Prime; _builder_version=\u00a0\u00bb4.9.4&Prime; _module_preset=\u00a0\u00bbdefault\u00a0\u00bb][et_pb_row _builder_version=\u00a0\u00bb4.9.4&Prime; _module_preset=\u00a0\u00bbdefault\u00a0\u00bb][et_pb_column type=\u00a0\u00bb4_4&Prime; _builder_version=\u00a0\u00bb4.9.4&Prime; _module_preset=\u00a0\u00bbdefault\u00a0\u00bb][et_pb_text _builder_version=\u00a0\u00bb4.9.4&Prime; _module_preset=\u00a0\u00bbdefault\u00a0\u00bb text_font=\u00a0\u00bb|700|||||||\u00a0\u00bb text_font_size=\u00a0\u00bb25px\u00a0\u00bb]<\/p>\n<p style=\"text-align: center;\">La premi\u00e8re association au service des animaux sauvages, cr\u00e9\u00e9e \u00e0 leur demande !<\/p>\n<p>[\/et_pb_text][et_pb_divider color=\u00a0\u00bb#4B1707&Prime; divider_weight=\u00a0\u00bb4px\u00a0\u00bb _builder_version=\u00a0\u00bb4.9.4&Prime; _module_preset=\u00a0\u00bbdefault\u00a0\u00bb custom_margin=\u00a0\u00bb|500px||500px|false|false\u00a0\u00bb][\/et_pb_divider][et_pb_text _builder_version=\u00a0\u00bb4.9.4&Prime; _module_preset=\u00a0\u00bbdefault\u00a0\u00bb text_font_size=\u00a0\u00bb20px\u00a0\u00bb]<\/p>\n<p style=\"text-align: center;\"><strong><em>From Joy to Animals, Nature, Earth<\/em><\/strong> a \u00e9t\u00e9 fond\u00e9e par Joy Fromental au retour d&rsquo;un voyage initiatique autour du monde &amp; KendyH vegan depuis des ann\u00e9es et sp\u00e9cialiste en nutrition v\u00e9g\u00e9tale.<\/p>\n<p style=\"text-align: center;\">F.J.A.N.E. rassemble des personnes des quatre coins du monde avec un seul objectif : pr\u00e9server la plan\u00e8te en agissant en accord avec le monde animal. L&rsquo;association met tout en oeuvre afin de responsabiliser l&rsquo;\u00eatre humain dans son rapport \u00e0 la plan\u00e8te, en le guidant dans ses choix quotidiens&#8230;<\/p>\n<p>&nbsp;<\/p>\n<p>[\/et_pb_text][\/et_pb_column][\/et_pb_row][et_pb_row column_structure=\u00a0\u00bb1_2,1_2&Prime; _builder_version=\u00a0\u00bb4.9.4&Prime; _module_preset=\u00a0\u00bbdefault\u00a0\u00bb][et_pb_column type=\u00a0\u00bb1_2&Prime; _builder_version=\u00a0\u00bb4.9.4&Prime; _module_preset=\u00a0\u00bbdefault\u00a0\u00bb][et_pb_image src=\u00a0\u00bbhttps:\/\/fromjoyasso.org\/wp-content\/uploads\/2021\/06\/IMG_0301-scaled.jpg\u00a0\u00bb alt=\u00a0\u00bbFJANE\u00a0\u00bb title_text=\u00a0\u00bbElephant et Joy\u00a0\u00bb url=\u00a0\u00bbhttps:\/\/fromjoyasso.org\/notre-histoire\/\u00a0\u00bb _builder_version=\u00a0\u00bb4.9.4&Prime; _module_preset=\u00a0\u00bbdefault\u00a0\u00bb custom_margin=\u00a0\u00bb||-45px||false|false\u00a0\u00bb][\/et_pb_image][et_pb_text _builder_version=\u00a0\u00bb4.9.4&Prime; _module_preset=\u00a0\u00bbdefault\u00a0\u00bb text_font=\u00a0\u00bb|800||on|||||\u00a0\u00bb text_font_size=\u00a0\u00bb40px\u00a0\u00bb background_color=\u00a0\u00bb#FFFFFF\u00a0\u00bb custom_margin=\u00a0\u00bb15px||||false|false\u00a0\u00bb custom_padding=\u00a0\u00bb10px||10px||false|false\u00a0\u00bb link_option_url=\u00a0\u00bbhttps:\/\/fromjoyasso.org\/notre-histoire\/\u00a0\u00bb box_shadow_style=\u00a0\u00bbpreset3&Prime;]<\/p>\n<p style=\"text-align: center;\">HISTOIRE<\/p>\n<p>[\/et_pb_text][et_pb_image src=\u00a0\u00bbhttps:\/\/fromjoyasso.org\/wp-content\/uploads\/2021\/06\/AFRIKA-131-scaled.jpg\u00a0\u00bb alt=\u00a0\u00bbPartenaires\u00a0\u00bb title_text=\u00a0\u00bbPartenaires\u00a0\u00bb url=\u00a0\u00bbhttps:\/\/fromjoyasso.org\/nos-partenaires\/\u00a0\u00bb _builder_version=\u00a0\u00bb4.9.4&Prime; _module_preset=\u00a0\u00bbdefault\u00a0\u00bb custom_margin=\u00a0\u00bb||-45px||false|false\u00a0\u00bb][\/et_pb_image][et_pb_text _builder_version=\u00a0\u00bb4.9.7&Prime; _module_preset=\u00a0\u00bbdefault\u00a0\u00bb text_font=\u00a0\u00bb|800||on|||||\u00a0\u00bb text_font_size=\u00a0\u00bb40px\u00a0\u00bb background_color=\u00a0\u00bb#FFFFFF\u00a0\u00bb custom_margin=\u00a0\u00bb15px||||false|false\u00a0\u00bb custom_padding=\u00a0\u00bb10px||10px||false|false\u00a0\u00bb link_option_url=\u00a0\u00bbhttps:\/\/fromjoyasso.org\/nos-partenaires\/\u00a0\u00bb hover_enabled=\u00a0\u00bb0&Prime; box_shadow_style=\u00a0\u00bbpreset3&Prime; text_line_height_last_edited=\u00a0\u00bbon|phone\u00a0\u00bb text_line_height_phone=\u00a0\u00bb1em\u00a0\u00bb sticky_enabled=\u00a0\u00bb0&Prime;]<\/p>\n<p style=\"text-align: center;\">Nos partenaires<\/p>\n<p>[\/et_pb_text][et_pb_image src=\u00a0\u00bbhttps:\/\/fromjoyasso.org\/wp-content\/uploads\/2021\/06\/IMG_0005-scaled.jpg\u00a0\u00bb alt=\u00a0\u00bbRapport d&rsquo;activit\u00e9s\u00a0\u00bb title_text=\u00a0\u00bbIMG_0005&Prime; url=\u00a0\u00bbhttps:\/\/fromjoyasso.org\/rapport-dactivites\/\u00a0\u00bb _builder_version=\u00a0\u00bb4.9.4&Prime; _module_preset=\u00a0\u00bbdefault\u00a0\u00bb custom_margin=\u00a0\u00bb||-45px||false|false\u00a0\u00bb][\/et_pb_image][et_pb_text _builder_version=\u00a0\u00bb4.9.7&Prime; _module_preset=\u00a0\u00bbdefault\u00a0\u00bb text_font=\u00a0\u00bb|800||on|||||\u00a0\u00bb text_font_size=\u00a0\u00bb40px\u00a0\u00bb background_color=\u00a0\u00bb#FFFFFF\u00a0\u00bb custom_margin=\u00a0\u00bb15px||||false|false\u00a0\u00bb custom_padding=\u00a0\u00bb10px||10px||false|false\u00a0\u00bb link_option_url=\u00a0\u00bbhttps:\/\/fromjoyasso.org\/rapport-dactivites\/\u00a0\u00bb hover_enabled=\u00a0\u00bb0&Prime; box_shadow_style=\u00a0\u00bbpreset3&Prime; text_line_height_last_edited=\u00a0\u00bbon|phone\u00a0\u00bb text_line_height_phone=\u00a0\u00bb1em\u00a0\u00bb sticky_enabled=\u00a0\u00bb0&Prime;]<\/p>\n<p style=\"text-align: center;\">Rapports d&rsquo;activit\u00c9<\/p>\n<p>[\/et_pb_text][\/et_pb_column][et_pb_column type=\u00a0\u00bb1_2&Prime; _builder_version=\u00a0\u00bb4.9.4&Prime; _module_preset=\u00a0\u00bbdefault\u00a0\u00bb][et_pb_image src=\u00a0\u00bbhttps:\/\/fromjoyasso.org\/wp-content\/uploads\/2021\/06\/animal-1-4-scaled.jpg\u00a0\u00bb alt=\u00a0\u00bbCr\u00e9ation\u00a0\u00bb title_text=\u00a0\u00bbFJANE\u00a0\u00bb url=\u00a0\u00bbhttps:\/\/fromjoyasso.org\/les-fondateurs\/\u00a0\u00bb _builder_version=\u00a0\u00bb4.9.4&Prime; _module_preset=\u00a0\u00bbdefault\u00a0\u00bb custom_margin=\u00a0\u00bb||-45px||false|false\u00a0\u00bb][\/et_pb_image][et_pb_text _builder_version=\u00a0\u00bb4.9.4&Prime; _module_preset=\u00a0\u00bbdefault\u00a0\u00bb text_font=\u00a0\u00bb|800||on|||||\u00a0\u00bb text_font_size=\u00a0\u00bb40px\u00a0\u00bb background_color=\u00a0\u00bb#FFFFFF\u00a0\u00bb custom_margin=\u00a0\u00bb15px||||false|false\u00a0\u00bb custom_padding=\u00a0\u00bb10px||10px||false|false\u00a0\u00bb link_option_url=\u00a0\u00bbhttps:\/\/fromjoyasso.org\/les-fondateurs\/\u00a0\u00bb box_shadow_style=\u00a0\u00bbpreset3&Prime;]<\/p>\n<p style=\"text-align: center;\">Fondateurs<\/p>\n<p>[\/et_pb_text][et_pb_image src=\u00a0\u00bbhttps:\/\/fromjoyasso.org\/wp-content\/uploads\/2021\/06\/AFRIKA-176-scaled.jpg\u00a0\u00bb alt=\u00a0\u00bbPrincipes Ethiques\u00a0\u00bb title_text=\u00a0\u00bbPrincipes \u00e9thiques\u00a0\u00bb url=\u00a0\u00bbhttps:\/\/fromjoyasso.org\/nos-principes-ethiques\/\u00a0\u00bb _builder_version=\u00a0\u00bb4.9.4&Prime; _module_preset=\u00a0\u00bbdefault\u00a0\u00bb custom_margin=\u00a0\u00bb||-45px||false|false\u00a0\u00bb][\/et_pb_image][et_pb_text _builder_version=\u00a0\u00bb4.9.7&Prime; _module_preset=\u00a0\u00bbdefault\u00a0\u00bb text_font=\u00a0\u00bb|800||on|||||\u00a0\u00bb text_font_size=\u00a0\u00bb40px\u00a0\u00bb background_color=\u00a0\u00bb#FFFFFF\u00a0\u00bb custom_margin=\u00a0\u00bb15px||||false|false\u00a0\u00bb custom_padding=\u00a0\u00bb10px||10px||false|false\u00a0\u00bb link_option_url=\u00a0\u00bbhttps:\/\/fromjoyasso.org\/nos-principes-ethiques\/\u00a0\u00bb hover_enabled=\u00a0\u00bb0&Prime; box_shadow_style=\u00a0\u00bbpreset3&Prime; text_letter_spacing_last_edited=\u00a0\u00bbon|phone\u00a0\u00bb text_line_height_last_edited=\u00a0\u00bbon|phone\u00a0\u00bb text_line_height_phone=\u00a0\u00bb1em\u00a0\u00bb sticky_enabled=\u00a0\u00bb0&Prime;]<\/p>\n<p style=\"text-align: center;\">Principes ethiques<\/p>\n<p>[\/et_pb_text][et_pb_image src=\u00a0\u00bbhttps:\/\/fromjoyasso.org\/wp-content\/uploads\/2021\/06\/IMG_9628-scaled.jpg\u00a0\u00bb alt=\u00a0\u00bbContact\u00a0\u00bb title_text=\u00a0\u00bbContact\u00a0\u00bb url=\u00a0\u00bbhttps:\/\/fromjoyasso.org\/contact\/\u00a0\u00bb _builder_version=\u00a0\u00bb4.9.4&Prime; _module_preset=\u00a0\u00bbdefault\u00a0\u00bb custom_margin=\u00a0\u00bb||-45px||false|false\u00a0\u00bb][\/et_pb_image][et_pb_text _builder_version=\u00a0\u00bb4.9.4&Prime; _module_preset=\u00a0\u00bbdefault\u00a0\u00bb text_font=\u00a0\u00bb|800||on|||||\u00a0\u00bb text_font_size=\u00a0\u00bb40px\u00a0\u00bb background_color=\u00a0\u00bb#FFFFFF\u00a0\u00bb custom_margin=\u00a0\u00bb15px||||false|false\u00a0\u00bb custom_padding=\u00a0\u00bb10px||10px||false|false\u00a0\u00bb link_option_url=\u00a0\u00bbhttps:\/\/fromjoyasso.org\/contact\/\u00a0\u00bb box_shadow_style=\u00a0\u00bbpreset3&Prime;]<\/p>\n<p style=\"text-align: center;\">Contact<\/p>\n<p>[\/et_pb_text][\/et_pb_column][\/et_pb_row][\/et_pb_section]<\/p>","protected":false},"excerpt":{"rendered":"<p>QUI SOMMES NOUS ?La premi\u00e8re association au service des animaux sauvages, cr\u00e9\u00e9e \u00e0 leur demande !From Joy to Animals, Nature, Earth a \u00e9t\u00e9 fond\u00e9e par Joy Fromental au retour d&rsquo;un voyage initiatique autour du monde &amp; KendyH vegan depuis des ann\u00e9es et sp\u00e9cialiste en nutrition v\u00e9g\u00e9tale. F.J.A.N.E. rassemble des personnes des quatre coins du monde [&hellip;]<\/p>","protected":false},"author":1,"featured_media":0,"parent":0,"menu_order":0,"comment_status":"closed","ping_status":"closed","template":"","meta":{"_et_pb_use_builder":"on","_et_pb_old_content":"","_et_gb_content_width":"","footnotes":""},"class_list":["post-70","page","type-page","status-publish","hentry"],"jetpack_sharing_enabled":true,"_links":{"self":[{"href":"https:\/\/fromjoyasso.org\/en\/wp-json\/wp\/v2\/pages\/70","targetHints":{"allow":["GET"]}}],"collection":[{"href":"https:\/\/fromjoyasso.org\/en\/wp-json\/wp\/v2\/pages"}],"about":[{"href":"https:\/\/fromjoyasso.org\/en\/wp-json\/wp\/v2\/types\/page"}],"author":[{"embeddable":true,"href":"https:\/\/fromjoyasso.org\/en\/wp-json\/wp\/v2\/users\/1"}],"replies":[{"embeddable":true,"href":"https:\/\/fromjoyasso.org\/en\/wp-json\/wp\/v2\/comments?post=70"}],"version-history":[{"count":0,"href":"https:\/\/fromjoyasso.org\/en\/wp-json\/wp\/v2\/pages\/70\/revisions"}],"wp:attachment":[{"href":"https:\/\/fromjoyasso.org\/en\/wp-json\/wp\/v2\/media?parent=70"}],"curies":[{"name":"wp","href":"https:\/\/api.w.org\/{rel}","templated":true}]}}