{"id":72,"date":"2021-06-07T12:40:26","date_gmt":"2021-06-07T12:40:26","guid":{"rendered":"https:\/\/fromjoyasso.org\/?page_id=72"},"modified":"2021-07-12T12:10:48","modified_gmt":"2021-07-12T12:10:48","slug":"mentions-legales","status":"publish","type":"page","link":"https:\/\/fromjoyasso.org\/en\/mentions-legales\/","title":{"rendered":"MENTIONS LEGALES"},"content":{"rendered":"<p>[et_pb_section fb_built=\u00a0\u00bb1&Prime; _builder_version=\u00a0\u00bb4.9.7&Prime; _module_preset=\u00a0\u00bbdefault\u00a0\u00bb][et_pb_row _builder_version=\u00a0\u00bb4.9.7&Prime; _module_preset=\u00a0\u00bbdefault\u00a0\u00bb hover_enabled=\u00a0\u00bb0&Prime; sticky_enabled=\u00a0\u00bb0&Prime;][et_pb_column type=\u00a0\u00bb4_4&Prime; _builder_version=\u00a0\u00bb4.9.7&Prime; _module_preset=\u00a0\u00bbdefault\u00a0\u00bb][et_pb_text _builder_version=\u00a0\u00bb4.9.7&Prime; _module_preset=\u00a0\u00bbdefault\u00a0\u00bb hover_enabled=\u00a0\u00bb0&Prime; sticky_enabled=\u00a0\u00bb0&Prime;]<\/p>\n<h2>Mentions l\u00e9gales &amp; <span style=\"text-decoration: underline;\"><span style=\"color: #0000ff;\"><a href=\"#politiques\" style=\"color: #0000ff; text-decoration: underline;\">Politiques de confidentialit\u00e9s<\/a><\/span><\/span><\/h2>\n<p>&nbsp;<\/p>\n<h3>1. Pr\u00e9sentation du site<\/h3>\n<p>En vertu de l&rsquo;article 6 de la loi n\u00b0 2004-575 du 21 juin 2004 pour la confiance dans l&rsquo;\u00e9conomie num\u00e9rique, il est pr\u00e9cis\u00e9 aux utilisateurs du site <a href=\"\/\/fromjoyasso.org\/en\/\">fromjoyasso.org<\/a> l&rsquo;identit\u00e9 des diff\u00e9rents intervenants dans le cadre de sa r\u00e9alisation et de son suivi :<\/p>\n<p><strong>Propri\u00e9taire<\/strong> : From Joy to Animals, Nature, Earth \u2013 \u2013 85 avenue Lucien Gaullin, 06 210 Mandelieu<br \/><strong>Cr\u00e9ateur<\/strong> : <a target=\"blank\" href=\"https:\/\/fromjoyasso.org\/en\/\" rel=\"noopener\">Joy Fromental<\/a><br \/><strong>Responsable publication<\/strong> : Joy Fromental \u2013 joyf.contact@gmail.com<br \/>Le responsable publication est une personne physique ou une personne morale.<br \/><strong>Webmaster<\/strong> : Joy Fromental \u2013 joyf.contact@gmail.com<br \/><strong>H\u00e9bergeur<\/strong> : O2switch \u2013 222-224 Boulevard Gustave Flaubert 63000 Clermont-Ferrand<br \/>Cr\u00e9dits :<br \/>Pratik Padhye, photographe &amp; vid\u00e9aste<br \/>Kendy Hugnet, cr\u00e9atrice de contenu,<\/p>\n<p>Le mod\u00e8le de mentions l\u00e9gales est offert par <a target=\"blank\" href=\"https:\/\/www.subdelirium.com\/\" rel=\"noopener\">Subdelirium.com<\/a><\/p>\n<h3>2. Conditions g\u00e9n\u00e9rales d\u2019utilisation du site et des services propos\u00e9s.<\/h3>\n<p>&nbsp;<\/p>\n<p>L\u2019utilisation du site <a href=\"\/\/fromjoyasso.org\/en\/\">fromjoyasso.org<\/a> implique l\u2019acceptation pleine et enti\u00e8re des conditions g\u00e9n\u00e9rales d\u2019utilisation ci-apr\u00e8s d\u00e9crites. Ces conditions d\u2019utilisation sont susceptibles d\u2019\u00eatre modifi\u00e9es ou compl\u00e9t\u00e9es \u00e0 tout moment, les utilisateurs du site <a href=\"\/\/fromjoyasso.org\/en\/\">fromjoyasso.org<\/a> sont donc invit\u00e9s \u00e0 les consulter de mani\u00e8re r\u00e9guli\u00e8re.<\/p>\n<p>Ce site est normalement accessible \u00e0 tout moment aux utilisateurs. Une interruption pour raison de maintenance technique peut \u00eatre toutefois d\u00e9cid\u00e9e par From Joy to Animals, Nature, Earth, qui s\u2019efforcera alors de communiquer pr\u00e9alablement aux utilisateurs les dates et heures de l\u2019intervention.<\/p>\n<p>Le site <a href=\"\/\/fromjoyasso.org\/en\/\">fromjoyasso.org<\/a> est mis \u00e0 jour r\u00e9guli\u00e8rement par Joy Fromental. De la m\u00eame fa\u00e7on, les mentions l\u00e9gales peuvent \u00eatre modifi\u00e9es \u00e0 tout moment : elles s\u2019imposent n\u00e9anmoins \u00e0 l\u2019utilisateur qui est invit\u00e9 \u00e0 s\u2019y r\u00e9f\u00e9rer le plus souvent possible afin d\u2019en prendre connaissance.<\/p>\n<p>&nbsp;<\/p>\n<h3>3. Description des services fournis.<\/h3>\n<p>Le site <a href=\"\/\/fromjoyasso.org\/en\/\">fromjoyasso.org<\/a> a pour objet de fournir une information concernant l\u2019ensemble des activit\u00e9s de la soci\u00e9t\u00e9.<\/p>\n<p>From Joy to Animals, Nature, Earth s\u2019efforce de fournir sur le site <a href=\"\/\/fromjoyasso.org\/en\/\">fromjoyasso.org<\/a> des informations aussi pr\u00e9cises que possible. Toutefois, il ne pourra \u00eatre tenue responsable des omissions, des inexactitudes et des carences dans la mise \u00e0 jour, qu\u2019elles soient de son fait ou du fait des tiers partenaires qui lui fournissent ces informations.<\/p>\n<p>Tous les informations indiqu\u00e9es sur le site <a href=\"\/\/fromjoyasso.org\/en\/\">fromjoyasso.org<\/a> sont donn\u00e9es \u00e0 titre indicatif, et sont susceptibles d\u2019\u00e9voluer. Par ailleurs, les renseignements figurant sur le site <a href=\"\/\/fromjoyasso.org\/en\/\">fromjoyasso.org<\/a> ne sont pas exhaustifs. Ils sont donn\u00e9s sous r\u00e9serve de modifications ayant \u00e9t\u00e9 apport\u00e9es depuis leur mise en ligne.<\/p>\n<p>&nbsp;<\/p>\n<h3>4. Limitations contractuelles sur les donn\u00e9es techniques.<\/h3>\n<p>Le site utilise la technologie JavaScript.<\/p>\n<p>Le site Internet ne pourra \u00eatre tenu responsable de dommages mat\u00e9riels li\u00e9s \u00e0 l\u2019utilisation du site. De plus, l\u2019utilisateur du site s\u2019engage \u00e0 acc\u00e9der au site en utilisant un mat\u00e9riel r\u00e9cent, ne contenant pas de virus et avec un navigateur de derni\u00e8re g\u00e9n\u00e9ration mis-\u00e0-jour<\/p>\n<p>&nbsp;<\/p>\n<h3>5. Propri\u00e9t\u00e9 intellectuelle et contrefa\u00e7ons.<\/h3>\n<p>From Joy to Animals, Nature, Earth est propri\u00e9taire des droits de propri\u00e9t\u00e9 intellectuelle ou d\u00e9tient les droits d\u2019usage sur tous les \u00e9l\u00e9ments accessibles sur le site, notamment les textes, images, graphismes, logo, ic\u00f4nes, sons, logiciels.<\/p>\n<p>Toute reproduction, repr\u00e9sentation, modification, publication, adaptation de tout ou partie des \u00e9l\u00e9ments du site, quel que soit le moyen ou le proc\u00e9d\u00e9 utilis\u00e9, est interdite, sauf autorisation \u00e9crite pr\u00e9alable de : From Joy to Animals, Nature, Earth.<\/p>\n<p>Toute exploitation non autoris\u00e9e du site ou de l\u2019un quelconque des \u00e9l\u00e9ments qu\u2019il contient sera consid\u00e9r\u00e9e comme constitutive d\u2019une contrefa\u00e7on et poursuivie conform\u00e9ment aux dispositions des articles L.335-2 et suivants du Code de Propri\u00e9t\u00e9 Intellectuelle.<\/p>\n<p>&nbsp;<\/p>\n<h3>6. Limitations de responsabilit\u00e9.<\/h3>\n<p>From Joy to Animals, Nature, Earth ne pourra \u00eatre tenue responsable des dommages directs et indirects caus\u00e9s au mat\u00e9riel de l\u2019utilisateur, lors de l\u2019acc\u00e8s au site fromjoyasso.org, et r\u00e9sultant soit de l\u2019utilisation d\u2019un mat\u00e9riel ne r\u00e9pondant pas aux sp\u00e9cifications indiqu\u00e9es au point 4, soit de l\u2019apparition d\u2019un bug ou d\u2019une incompatibilit\u00e9.<\/p>\n<p>From Joy to Animals, Nature, Earth ne pourra \u00e9galement \u00eatre tenue responsable des dommages indirects (tels par exemple qu\u2019une perte de march\u00e9 ou perte d\u2019une chance) cons\u00e9cutifs \u00e0 l\u2019utilisation du site <a href=\"\/\/fromjoyasso.org\/en\/\">fromjoyasso.org<\/a>.<\/p>\n<p>Des espaces interactifs (possibilit\u00e9 de poser des questions dans l\u2019espace contact) sont \u00e0 la disposition des utilisateurs. From Joy to Animals, Nature, Earth se r\u00e9serve le droit de supprimer, sans mise en demeure pr\u00e9alable, tout contenu d\u00e9pos\u00e9 dans cet espace qui contreviendrait \u00e0 la l\u00e9gislation applicable en France, en particulier aux dispositions relatives \u00e0 la protection des donn\u00e9es. Le cas \u00e9ch\u00e9ant, From Joy to Animals, Nature, Earth se r\u00e9serve \u00e9galement la possibilit\u00e9 de mettre en cause la responsabilit\u00e9 civile et\/ou p\u00e9nale de l\u2019utilisateur, notamment en cas de message \u00e0 caract\u00e8re raciste, injurieux, diffamant, ou pornographique, quel que soit le support utilis\u00e9 (texte, photographie\u2026).<\/p>\n<p>&nbsp;<\/p>\n<h3>7. Gestion des donn\u00e9es personnelles.<\/h3>\n<p>En France, les donn\u00e9es personnelles sont notamment prot\u00e9g\u00e9es par la loi n\u00b0 78-87 du 6 janvier 1978, la loi n\u00b0 2004-801 du 6 ao\u00fbt 2004, l&rsquo;article L. 226-13 du Code p\u00e9nal et la Directive Europ\u00e9enne du 24 octobre 1995.<\/p>\n<p>A l&rsquo;occasion de l&rsquo;utilisation du site <a href=\"\/\/fromjoyasso.org\/en\/\">fromjoyasso.org<\/a>, peuvent \u00eatres recueillies : l&rsquo;URL des liens par l&rsquo;interm\u00e9diaire desquels l&rsquo;utilisateur a acc\u00e9d\u00e9 au site <a href=\"\/\/fromjoyasso.org\/en\/\">fromjoyasso.org<\/a>, le fournisseur d&rsquo;acc\u00e8s de l&rsquo;utilisateur, l&rsquo;adresse de protocole Internet (IP) de l&rsquo;utilisateur.<\/p>\n<p>En tout \u00e9tat de cause From Joy to Animals, Nature, Earth ne collecte des informations personnelles relatives \u00e0 l&rsquo;utilisateur que pour le besoin de certains services propos\u00e9s par le site <a href=\"\/\/fromjoyasso.org\/en\/\">fromjoyasso.org<\/a>. L&rsquo;utilisateur fournit ces informations en toute connaissance de cause, notamment lorsqu&rsquo;il proc\u00e8de par lui-m\u00eame \u00e0 leur saisie. Il est alors pr\u00e9cis\u00e9 \u00e0 l&rsquo;utilisateur du site <a href=\"\/\/fromjoyasso.org\/en\/\">fromjoyasso.org<\/a> l\u2019obligation ou non de fournir ces informations.<\/p>\n<p>Conform\u00e9ment aux dispositions des articles 38 et suivants de la loi 78-17 du 6 janvier 1978 relative \u00e0 l\u2019informatique, aux fichiers et aux libert\u00e9s, tout utilisateur dispose d\u2019un droit d\u2019acc\u00e8s, de rectification et d\u2019opposition aux donn\u00e9es personnelles le concernant, en effectuant sa demande \u00e9crite et sign\u00e9e, accompagn\u00e9e d\u2019une copie du titre d\u2019identit\u00e9 avec signature du titulaire de la pi\u00e8ce, en pr\u00e9cisant l\u2019adresse \u00e0 laquelle la r\u00e9ponse doit \u00eatre envoy\u00e9e.<\/p>\n<p>Aucune information personnelle de l&rsquo;utilisateur du site <a href=\"\/\/fromjoyasso.org\/en\/\">fromjoyasso.org<\/a> n&rsquo;est publi\u00e9e \u00e0 l&rsquo;insu de l&rsquo;utilisateur, \u00e9chang\u00e9e, transf\u00e9r\u00e9e, c\u00e9d\u00e9e ou vendue sur un support quelconque \u00e0 des tiers. Seule l&rsquo;hypoth\u00e8se du rachat de From Joy to Animals, Nature, Earth et de ses droits permettrait la transmission des dites informations \u00e0 l&rsquo;\u00e9ventuel acqu\u00e9reur qui serait \u00e0 son tour tenu de la m\u00eame obligation de conservation et de modification des donn\u00e9es vis \u00e0 vis de l&rsquo;utilisateur du site <a href=\"\/\/fromjoyasso.org\/en\/\">fromjoyasso.org<\/a>.<\/p>\n<p>Les bases de donn\u00e9es sont prot\u00e9g\u00e9es par les dispositions de la loi du 1er juillet 1998 transposant la directive 96\/9 du 11 mars 1996 relative \u00e0 la protection juridique des bases de donn\u00e9es.<\/p>\n<p>&nbsp;<\/p>\n<h3>8. Liens hypertextes et cookies.<\/h3>\n<p>Le site <a href=\"\/\/fromjoyasso.org\/en\/\">fromjoyasso.org<\/a> contient un certain nombre de liens hypertextes vers d\u2019autres sites, mis en place avec l\u2019autorisation de From Joy to Animals, Nature, Earth. Cependant, From Joy to Animals, Nature, Earth n\u2019a pas la possibilit\u00e9 de v\u00e9rifier le contenu des sites ainsi visit\u00e9s, et n\u2019assumera en cons\u00e9quence aucune responsabilit\u00e9 de ce fait.<\/p>\n<p>La navigation sur le site <a href=\"\/\/fromjoyasso.org\/en\/\">fromjoyasso.org<\/a> est susceptible de provoquer l\u2019installation de cookie(s) sur l\u2019ordinateur de l\u2019utilisateur. Un cookie est un fichier de petite taille, qui ne permet pas l\u2019identification de l\u2019utilisateur, mais qui enregistre des informations relatives \u00e0 la navigation d\u2019un ordinateur sur un site. Les donn\u00e9es ainsi obtenues visent \u00e0 faciliter la navigation ult\u00e9rieure sur le site, et ont \u00e9galement vocation \u00e0 permettre diverses mesures de fr\u00e9quentation.<\/p>\n<p>Le refus d\u2019installation d\u2019un cookie peut entra\u00eener l\u2019impossibilit\u00e9 d\u2019acc\u00e9der \u00e0 certains services. L\u2019utilisateur peut toutefois configurer son ordinateur de la mani\u00e8re suivante, pour refuser l\u2019installation des cookies :<\/p>\n<p>Sous Internet Explorer : onglet outil (pictogramme en forme de rouage en haut a droite) \/ options internet. Cliquez sur Confidentialit\u00e9 et choisissez Bloquer tous les cookies. Validez sur Ok.<\/p>\n<p>Sous Firefox : en haut de la fen\u00eatre du navigateur, cliquez sur le bouton Firefox, puis aller dans l&rsquo;onglet Options. Cliquer sur l&rsquo;onglet Vie priv\u00e9e.<br \/>Param\u00e9trez les R\u00e8gles de conservation sur : utiliser les param\u00e8tres personnalis\u00e9s pour l&rsquo;historique. Enfin d\u00e9cochez-la pour d\u00e9sactiver les cookies.<\/p>\n<p>Sous Safari : Cliquez en haut \u00e0 droite du navigateur sur le pictogramme de menu (symbolis\u00e9 par un rouage). S\u00e9lectionnez Param\u00e8tres. Cliquez sur Afficher les param\u00e8tres avanc\u00e9s. Dans la section \u00ab\u00a0Confidentialit\u00e9\u00a0\u00bb, cliquez sur Param\u00e8tres de contenu. Dans la section \u00ab\u00a0Cookies\u00a0\u00bb, vous pouvez bloquer les cookies.<\/p>\n<p>Sous Chrome : Cliquez en haut \u00e0 droite du navigateur sur le pictogramme de menu (symbolis\u00e9 par trois lignes horizontales). S\u00e9lectionnez Param\u00e8tres. Cliquez sur Afficher les param\u00e8tres avanc\u00e9s. Dans la section \u00ab\u00a0Confidentialit\u00e9\u00a0\u00bb, cliquez sur pr\u00e9f\u00e9rences. Dans l&rsquo;onglet \u00ab\u00a0Confidentialit\u00e9\u00a0\u00bb, vous pouvez bloquer les cookies.<\/p>\n<p>&nbsp;<\/p>\n<h3>9. Droit applicable et attribution de juridiction.<\/h3>\n<p>Tout litige en relation avec l\u2019utilisation du site <a href=\"\/\/fromjoyasso.org\/en\/\">fromjoyasso.org<\/a> est soumis au droit fran\u00e7ais. Il est fait attribution exclusive de juridiction aux tribunaux comp\u00e9tents de Paris.<\/p>\n<p>&nbsp;<\/p>\n<h3>10. Les principales lois concern\u00e9es.<\/h3>\n<p>Loi n\u00b0 78-17 du 6 janvier 1978, notamment modifi\u00e9e par la loi n\u00b0 2004-801 du 6 ao\u00fbt 2004 relative \u00e0 l&rsquo;informatique, aux fichiers et aux libert\u00e9s.<\/p>\n<p>Loi n\u00b0 2004-575 du 21 juin 2004 pour la confiance dans l&rsquo;\u00e9conomie num\u00e9rique.<\/p>\n<p>&nbsp;<\/p>\n<h3>11. Lexique.<\/h3>\n<p>Utilisateur : Internaute se connectant, utilisant le site susnomm\u00e9.<\/p>\n<p>Informations personnelles : \u00ab les informations qui permettent, sous quelque forme que ce soit, directement ou non, l&rsquo;identification des personnes physiques auxquelles elles s&rsquo;appliquent \u00bb (article 4 de la loi n\u00b0 78-17 du 6 janvier 1978).<\/p>\n<p>[\/et_pb_text][et_pb_text _builder_version=\u00a0\u00bb4.9.7&Prime; _module_preset=\u00a0\u00bbdefault\u00a0\u00bb hover_enabled=\u00a0\u00bb0&Prime; module_id=\u00a0\u00bbpolitiques\u00a0\u00bb sticky_enabled=\u00a0\u00bb0&Prime; module_class=\u00a0\u00bbpolitiques\u00a0\u00bb]<\/p>\n<h2><strong>Politiques de Confidentialit\u00e9s<\/strong><\/h2>\n<h4><strong>Qu\u2019est-ce qu\u2019un cookie?<\/strong><\/h4>\n<div>Un cookie est un fichier textuel envoy\u00e9 par les serveurs que tu visites et qui est stock\u00e9 sur un ordinateur, une tablette ou un mobile lorsque tu navigues sur un site internet. Les cookies ont pour but de rendre ta navigation plus fluide et te permettent de b\u00e9n\u00e9ficier de certaines fonctionnalit\u00e9s de mon site internet. Les cookies enregistr\u00e9s par moi ou par des tiers lorsque vous visitez <strong><em>www.fromjoyasso.org<\/em><\/strong> ne te reconnaissent pas personnellement en tant qu\u2019individu ; ils reconnaissent seulement l\u2019appareil que tu es en train d\u2019utiliser. Les cookies ne causent aucun dommage \u00e0 ton appareil.<\/div>\n<div><\/div>\n<div>\n<p>Mon souhait est de te faire gagner du temps en facilitant ta navigation sur internet : de fait un site n\u2019utilisant pas de cookie ne peut pas retenir tes donn\u00e9es et celles-ci te seraient redemand\u00e9es \u00e0 chaque visite !<\/p>\n<\/div>\n<div><\/div>\n<div>\n<h3><strong>\u00c0 quoi servent ces cookies ?<\/strong><\/h3>\n<p>Il existe diff\u00e9rents types de cookie sur mon site avec des finalit\u00e9s diff\u00e9rentes :<br \/>\u2022 Pr\u00e9venir les activit\u00e9s frauduleuses<br \/>\u2022 Am\u00e9liorer la s\u00e9curit\u00e9<br \/>\u2022 Effectuer des recherches et des diagnostics pour am\u00e9liorer le contenu, les produits et services de <strong><em>*site*<\/em><\/strong><strong> <\/strong>(par exemple am\u00e9liorer l\u2019ergonomie du site en nous donnant les pages de notre site en erreur, le temps pass\u00e9 sur certaines pages,\u2026).<\/p>\n<\/div>\n<div>\n<h3><strong>Collecte automatique des donn\u00e9es<\/strong><\/h3>\n<p>Le site recueille des donn\u00e9es automatiquement lorsque les utilisateurs acc\u00e8dent \u00e0 ce site.<br \/>\u2022 Contenu consult\u00e9<\/p>\n<\/div>\n<h3><strong>Collecte non automatique de donn\u00e9es <\/strong><\/h3>\n<div>Le site recueille des donn\u00e9es lorsque l\u2019utilisateur ex\u00e9cute certaines fonctions :<br \/>\u2022 Nom, pr\u00e9nom<br \/>\u2022 Adresse e-mail<br \/>\u2022 Information de paiement (en cas d\u2019achat uniquement)<\/div>\n<div>Ces donn\u00e9es sont collect\u00e9es en cas :<br \/>\u2022 Achat<br \/>\u2022 Cr\u00e9ation d\u2019un compte<br \/>\u2022 Inscription \u00e0 la newsletter<\/div>\n<div>\n<p>Ces donn\u00e9es sont utilis\u00e9es dans un but de communication avec les utilisateurs et clients.<\/p>\n<\/div>\n<div>\n<h3><strong>Divulgation par un tiers<\/strong><\/h3>\n<p>Des tiers ne sont pas en mesure de recueillir, de traiter ou d\u2019acc\u00e9der aux donn\u00e9es des utilisateurs.<\/p>\n<\/div>\n<div>\n<h3><strong>Conservation des donn\u00e9es<\/strong><\/h3>\n<p>Les donn\u00e9es sont conserv\u00e9es jusqu\u2019\u00e0 ce que l\u2019objectif du recueil ait \u00e9t\u00e9 atteint.<\/p>\n<\/div>\n<h3><strong>G\u00e9rer mes cookies ?<\/strong><\/h3>\n<div>Tu peux d\u00e9sactiver les cookies via les param\u00e8tres de ton navigateur. Pour plus d\u2019informations, je t\u2019invite \u00e0 te r\u00e9f\u00e9rer aux aides en ligne de tes navigateurs.<\/div>\n<div><strong>Pour me contacter en cas de questions : <\/strong><strong><em>fjane.contact@gmail.com<\/em><\/strong><strong>\u00ab\u00a0<\/strong><\/div>\n<p>[\/et_pb_text][\/et_pb_column][\/et_pb_row][\/et_pb_section]<\/p>","protected":false},"excerpt":{"rendered":"<p>Mentions l\u00e9gales &amp; Politiques de confidentialit\u00e9s &nbsp; 1. Pr\u00e9sentation du site En vertu de l&rsquo;article 6 de la loi n\u00b0 2004-575 du 21 juin 2004 pour la confiance dans l&rsquo;\u00e9conomie num\u00e9rique, il est pr\u00e9cis\u00e9 aux utilisateurs du site fromjoyasso.org l&rsquo;identit\u00e9 des diff\u00e9rents intervenants dans le cadre de sa r\u00e9alisation et de son suivi : Propri\u00e9taire [&hellip;]<\/p>","protected":false},"author":1,"featured_media":0,"parent":0,"menu_order":0,"comment_status":"closed","ping_status":"closed","template":"","meta":{"_et_pb_use_builder":"on","_et_pb_old_content":"","_et_gb_content_width":"","footnotes":""},"class_list":["post-72","page","type-page","status-publish","hentry"],"jetpack_sharing_enabled":true,"_links":{"self":[{"href":"https:\/\/fromjoyasso.org\/en\/wp-json\/wp\/v2\/pages\/72","targetHints":{"allow":["GET"]}}],"collection":[{"href":"https:\/\/fromjoyasso.org\/en\/wp-json\/wp\/v2\/pages"}],"about":[{"href":"https:\/\/fromjoyasso.org\/en\/wp-json\/wp\/v2\/types\/page"}],"author":[{"embeddable":true,"href":"https:\/\/fromjoyasso.org\/en\/wp-json\/wp\/v2\/users\/1"}],"replies":[{"embeddable":true,"href":"https:\/\/fromjoyasso.org\/en\/wp-json\/wp\/v2\/comments?post=72"}],"version-history":[{"count":0,"href":"https:\/\/fromjoyasso.org\/en\/wp-json\/wp\/v2\/pages\/72\/revisions"}],"wp:attachment":[{"href":"https:\/\/fromjoyasso.org\/en\/wp-json\/wp\/v2\/media?parent=72"}],"curies":[{"name":"wp","href":"https:\/\/api.w.org\/{rel}","templated":true}]}}