{"id":732,"date":"2021-06-23T09:45:35","date_gmt":"2021-06-23T09:45:35","guid":{"rendered":"https:\/\/fromjoyasso.org\/?page_id=732"},"modified":"2021-07-13T10:13:10","modified_gmt":"2021-07-13T10:13:10","slug":"joy-fromental","status":"publish","type":"page","link":"https:\/\/fromjoyasso.org\/en\/joy-fromental\/","title":{"rendered":"Joy Fromental"},"content":{"rendered":"<p>[et_pb_section fb_built=\u00a0\u00bb1&Prime; _builder_version=\u00a0\u00bb4.9.4&Prime; _module_preset=\u00a0\u00bbdefault\u00a0\u00bb background_image=\u00a0\u00bbhttps:\/\/fromjoyasso.org\/wp-content\/uploads\/2021\/06\/IMG_9448-scaled.jpg\u00a0\u00bb parallax=\u00a0\u00bbon\u00a0\u00bb][et_pb_row _builder_version=\u00a0\u00bb4.9.4&Prime; _module_preset=\u00a0\u00bbdefault\u00a0\u00bb][et_pb_column type=\u00a0\u00bb4_4&Prime; _builder_version=\u00a0\u00bb4.9.4&Prime; _module_preset=\u00a0\u00bbdefault\u00a0\u00bb][et_pb_text _builder_version=\u00a0\u00bb4.9.4&Prime; _module_preset=\u00a0\u00bbdefault\u00a0\u00bb text_font=\u00a0\u00bbDancing Script|800|||||||\u00a0\u00bb text_text_color=\u00a0\u00bb#FFFFFF\u00a0\u00bb text_font_size=\u00a0\u00bb70px\u00a0\u00bb text_orientation=\u00a0\u00bbright\u00a0\u00bb text_text_shadow_style=\u00a0\u00bbpreset1&Prime;]<\/p>\n<p style=\"text-align: left;\">Joy Fromental<\/p>\n<p>[\/et_pb_text][et_pb_divider show_divider=\u00a0\u00bboff\u00a0\u00bb _builder_version=\u00a0\u00bb4.9.4&Prime; _module_preset=\u00a0\u00bbdefault\u00a0\u00bb custom_margin=\u00a0\u00bb50px||50px||false|false\u00a0\u00bb][\/et_pb_divider][et_pb_divider show_divider=\u00a0\u00bboff\u00a0\u00bb _builder_version=\u00a0\u00bb4.9.4&Prime; _module_preset=\u00a0\u00bbdefault\u00a0\u00bb custom_margin=\u00a0\u00bb50px||50px||false|false\u00a0\u00bb][\/et_pb_divider][et_pb_divider show_divider=\u00a0\u00bboff\u00a0\u00bb _builder_version=\u00a0\u00bb4.9.4&Prime; _module_preset=\u00a0\u00bbdefault\u00a0\u00bb custom_margin=\u00a0\u00bb50px||50px||false|false\u00a0\u00bb][\/et_pb_divider][et_pb_divider show_divider=\u00a0\u00bboff\u00a0\u00bb _builder_version=\u00a0\u00bb4.9.4&Prime; _module_preset=\u00a0\u00bbdefault\u00a0\u00bb custom_margin=\u00a0\u00bb50px||50px||false|false\u00a0\u00bb][\/et_pb_divider][\/et_pb_column][\/et_pb_row][\/et_pb_section][et_pb_section fb_built=\u00a0\u00bb1&Prime; _builder_version=\u00a0\u00bb4.9.4&Prime; _module_preset=\u00a0\u00bbdefault\u00a0\u00bb][et_pb_row column_structure=\u00a0\u00bb3_5,2_5&Prime; _builder_version=\u00a0\u00bb4.9.4&Prime; _module_preset=\u00a0\u00bbdefault\u00a0\u00bb][et_pb_column type=\u00a0\u00bb3_5&Prime; _builder_version=\u00a0\u00bb4.9.4&Prime; _module_preset=\u00a0\u00bbdefault\u00a0\u00bb][et_pb_image src=\u00a0\u00bbhttps:\/\/fromjoyasso.org\/wp-content\/uploads\/2021\/06\/IMG_9728-scaled.jpg\u00a0\u00bb title_text=\u00a0\u00bbIMG_9728&Prime; _builder_version=\u00a0\u00bb4.9.4&Prime; _module_preset=\u00a0\u00bbdefault\u00a0\u00bb][\/et_pb_image][\/et_pb_column][et_pb_column type=\u00a0\u00bb2_5&Prime; _builder_version=\u00a0\u00bb4.9.4&Prime; _module_preset=\u00a0\u00bbdefault\u00a0\u00bb][et_pb_text _builder_version=\u00a0\u00bb4.9.4&Prime; _module_preset=\u00a0\u00bbdefault\u00a0\u00bb background_color=\u00a0\u00bb#FFFFFF\u00a0\u00bb custom_margin=\u00a0\u00bb50px|20px||-200px|false|false\u00a0\u00bb custom_padding=\u00a0\u00bb30px|30px|30px|30px|false|false\u00a0\u00bb border_width_all=\u00a0\u00bb1px\u00a0\u00bb border_color_all=\u00a0\u00bb#4B1707&Prime;]<\/p>\n<p>Une vraie aventuri\u00e8re, \u00e0 18 ans je r\u00eavais d\u00e9j\u00e0 de partir avec mon sac-\u00e0-dos, d\u00e9couvrir le monde. La vie, enfin surtout ma m\u00e8re, m&rsquo;a demand\u00e9 de patienter un peu et de commencer par des \u00e9tudes&#8230; pour avoir un <strong>m\u00e9tier \u00ab\u00a0s\u00e9rieux\u00a0\u00bb<\/strong>.<br \/>Tout au long de mes \u00e9tudes -5 ans- j&rsquo;ai eu la chance <strong>de d\u00e9couvrir le monde<\/strong> : un an en Espagne, un an en Australie, 3 mois au P\u00e9rou, 6 mois en Uruguay&#8230; et oui ! le virus du voyage m&rsquo;avait touch\u00e9 ! Et la magie de l&rsquo;invisible aussi, car je revenais form\u00e9e en <strong>Pranic Healing<\/strong> : Soins \u00e9nerg\u00e9tiques.<\/p>\n<p>[\/et_pb_text][\/et_pb_column][\/et_pb_row][et_pb_row _builder_version=\u00a0\u00bb4.9.4&Prime; _module_preset=\u00a0\u00bbdefault\u00a0\u00bb][et_pb_column type=\u00a0\u00bb4_4&Prime; _builder_version=\u00a0\u00bb4.9.4&Prime; _module_preset=\u00a0\u00bbdefault\u00a0\u00bb][et_pb_text _builder_version=\u00a0\u00bb4.9.4&Prime; _module_preset=\u00a0\u00bbdefault\u00a0\u00bb]<\/p>\n<p><strong>Long story short*<\/strong><br \/>De retour en France, Master en N\u00e9gociation Internationale et Interculturelle en poche, trilingue (anglais, espagnol), Pranic Healer (gu\u00e9risseuse \u00e9nerg\u00e9tique), je d\u00e9cide de changer \u00ab\u00a0un peu\u00a0\u00bb d&rsquo;orientation&#8230; et de r\u00e9pondre \u00e0 un vrai besoin profond : c<strong>omprendre comment l&rsquo;Humain fonctionne.<\/strong> Je d\u00e9bute alors une nouvelle formation en D\u00e9programmation des Sch\u00e9mas Inconscients &#8211; th\u00e9rapie br\u00e8ve. Premi\u00e8re r\u00e9v\u00e9lation ! Je m&rsquo;installe \u00e0 mon compte rapidement et m&rsquo;aper\u00e7ois que je suis faite pour accompagner les humains, j&rsquo;aime ce que je transmets et les \u00e2mes des personnes me touchent.<br \/>Par un heureux hasard, mon chemin croise celui d&rsquo;une communicatrice animale professionnelle : deuxi\u00e8me r\u00e9v\u00e9lation ! Les animaux que je ch\u00e9rissais tant PARLENT !<br \/>J&rsquo;ai eu la chance de me lier d&rsquo;amiti\u00e9 avec cette communcatrice et de l&rsquo;accompagner pendant un an en stage et consultation. Une formation sur mesure&#8230;<br \/>\u200b<br \/><strong>ET EN 2017 JE DECIDE DE TOUT QUITTER !<\/strong><br \/>*pour faire court<\/p>\n<p>[\/et_pb_text][et_pb_divider show_divider=\u00a0\u00bboff\u00a0\u00bb _builder_version=\u00a0\u00bb4.9.4&Prime; _module_preset=\u00a0\u00bbdefault\u00a0\u00bb][\/et_pb_divider][\/et_pb_column][\/et_pb_row][et_pb_row column_structure=\u00a0\u00bb3_5,2_5&Prime; _builder_version=\u00a0\u00bb4.9.7&Prime; _module_preset=\u00a0\u00bbdefault\u00a0\u00bb][et_pb_column type=\u00a0\u00bb3_5&Prime; _builder_version=\u00a0\u00bb4.9.4&Prime; _module_preset=\u00a0\u00bbdefault\u00a0\u00bb][et_pb_image src=\u00a0\u00bbhttps:\/\/fromjoyasso.org\/wp-content\/uploads\/2021\/06\/IMG_0653-scaled.jpg\u00a0\u00bb title_text=\u00a0\u00bbIMG_0653&Prime; show_bottom_space=\u00a0\u00bboff\u00a0\u00bb _builder_version=\u00a0\u00bb4.9.4&Prime; _module_preset=\u00a0\u00bbdefault\u00a0\u00bb custom_margin=\u00a0\u00bb|||-20px|false|false\u00a0\u00bb][\/et_pb_image][\/et_pb_column][et_pb_column type=\u00a0\u00bb2_5&Prime; _builder_version=\u00a0\u00bb4.9.4&Prime; _module_preset=\u00a0\u00bbdefault\u00a0\u00bb][et_pb_divider show_divider=\u00a0\u00bboff\u00a0\u00bb _builder_version=\u00a0\u00bb4.9.4&Prime; _module_preset=\u00a0\u00bbdefault\u00a0\u00bb][\/et_pb_divider][et_pb_text _builder_version=\u00a0\u00bb4.9.7&Prime; _module_preset=\u00a0\u00bbdefault\u00a0\u00bb custom_margin=\u00a0\u00bb150px||-150px||false|false\u00a0\u00bb]<\/p>\n<h1><span style=\"font-size: xx-large;\">Globe-trotteuse, Aventuri\u00e8re, Amoureuse de la Nature&#8230;<\/span><\/h1>\n<p>[\/et_pb_text][et_pb_text _builder_version=\u00a0\u00bb4.9.7&Prime; _module_preset=\u00a0\u00bbdefault\u00a0\u00bb text_font=\u00a0\u00bb|600|||||||\u00a0\u00bb text_text_color=\u00a0\u00bb#FFFFFF\u00a0\u00bb use_background_color_gradient=\u00a0\u00bbon\u00a0\u00bb background_color_gradient_start=\u00a0\u00bb#1766a8&Prime; background_color_gradient_end=\u00a0\u00bb#1766a8&Prime; custom_margin=\u00a0\u00bb280px|||-180px|false|false\u00a0\u00bb custom_padding=\u00a0\u00bb30px|30px|30px|30px|false|false\u00a0\u00bb]<\/p>\n<p>En janvier 2017, je r\u00e9ponds \u00e0 l&rsquo;appel du voyage, je quitte tout pour faire un voyage qui se r\u00e9v\u00e8lera initiatique.<br \/>\u200b<br \/>La premi\u00e8re rencontre qui chamboulera ma vie est celle avec un El\u00e9phant. Pendant 9 mois, j&rsquo;ai eu la chance de rentrer en contact avec des centaines d&rsquo;animaux d&rsquo;esp\u00e8ces diff\u00e9rentes. Ils m&rsquo;ont transmis leurs messages au long du voyage et 9 mois plus tard, je re\u00e7ois la visite de cet El\u00e9phant qui m&rsquo;annonce que je suis pr\u00eate !<br \/>Une nouvelle \u00e9tape arrive, il est temps de transmettre !<\/p>\n<p>[\/et_pb_text][et_pb_divider show_divider=\u00a0\u00bboff\u00a0\u00bb _builder_version=\u00a0\u00bb4.9.4&Prime; _module_preset=\u00a0\u00bbdefault\u00a0\u00bb][\/et_pb_divider][\/et_pb_column][\/et_pb_row][\/et_pb_section][et_pb_section fb_built=\u00a0\u00bb1&Prime; _builder_version=\u00a0\u00bb4.9.4&Prime; _module_preset=\u00a0\u00bbdefault\u00a0\u00bb background_color=\u00a0\u00bb#1766A8&Prime;][et_pb_row _builder_version=\u00a0\u00bb4.9.4&Prime; _module_preset=\u00a0\u00bbdefault\u00a0\u00bb][et_pb_column type=\u00a0\u00bb4_4&Prime; _builder_version=\u00a0\u00bb4.9.4&Prime; _module_preset=\u00a0\u00bbdefault\u00a0\u00bb][et_pb_text _builder_version=\u00a0\u00bb4.9.4&Prime; _module_preset=\u00a0\u00bbdefault\u00a0\u00bb]<\/p>\n<h2><span style=\"color: #ffffff;\">\u00ab Voyager, c\u2019est partir \u00e0 la d\u00e9couverte de l\u2019autre. Et le premier inconnu \u00e0 d\u00e9couvrir, c\u2019est vous. \u00bb<\/span>\u00a0<span style=\"color: #ffffff;\">Oliver F\u00f6llmi<\/span><\/h2>\n<p>[\/et_pb_text][\/et_pb_column][\/et_pb_row][\/et_pb_section][et_pb_section fb_built=\u00a0\u00bb1&Prime; _builder_version=\u00a0\u00bb4.9.4&Prime; _module_preset=\u00a0\u00bbdefault\u00a0\u00bb][et_pb_row column_structure=\u00a0\u00bb3_5,2_5&Prime; _builder_version=\u00a0\u00bb4.9.4&Prime; _module_preset=\u00a0\u00bbdefault\u00a0\u00bb][et_pb_column type=\u00a0\u00bb3_5&Prime; _builder_version=\u00a0\u00bb4.9.4&Prime; _module_preset=\u00a0\u00bbdefault\u00a0\u00bb][et_pb_image src=\u00a0\u00bbhttps:\/\/fromjoyasso.org\/wp-content\/uploads\/2021\/06\/Screenshot_20191106-223054_WhatsAppBusiness-e1624441682855.jpg\u00a0\u00bb title_text=\u00a0\u00bbJoy sur l&rsquo;Elephant\u00a0\u00bb _builder_version=\u00a0\u00bb4.9.4&Prime; _module_preset=\u00a0\u00bbdefault\u00a0\u00bb][\/et_pb_image][\/et_pb_column][et_pb_column type=\u00a0\u00bb2_5&Prime; _builder_version=\u00a0\u00bb4.9.4&Prime; _module_preset=\u00a0\u00bbdefault\u00a0\u00bb][et_pb_text _builder_version=\u00a0\u00bb4.9.7&Prime; _module_preset=\u00a0\u00bbdefault\u00a0\u00bb background_color=\u00a0\u00bb#FFFFFF\u00a0\u00bb custom_margin=\u00a0\u00bb150px|-30px||-100px|false|false\u00a0\u00bb custom_padding=\u00a0\u00bb10px|10px|10px|10px|false|false\u00a0\u00bb hover_enabled=\u00a0\u00bb0&Prime; border_width_all=\u00a0\u00bb1px\u00a0\u00bb sticky_enabled=\u00a0\u00bb0&Prime;]<\/p>\n<p>En d\u00e9cembre 2017, je cr\u00e9\u00e9e cette association avec le but principal d&rsquo;\u00e9veiller \u00e0 la communication animale et transmettre les messages des animaux sauvages.<br \/>\u200b<br \/>Depuis deux ans, j&rsquo;anime des stages en France, en Inde et en Turquie afin d&rsquo;\u00e9veiller la magie en l&rsquo;humain. J&rsquo;ai voyag\u00e9 avec mon ami Indien, Pratik, afin de cr\u00e9er notre film documentaire \u00ab\u00a0Les Animaux ont une Voix !\u00a0\u00bb. Aujourd&rsquo;hui, le montage est en cours en France.<\/p>\n<p>Je suis une passionn\u00e9e et me laisse guider par les El\u00e9phants, depuis ma premi\u00e8re rencontre, ils sont mes enseignants. Ils m&rsquo;ont rappel\u00e9 \u00e0 eux en 2019 afin de me former \u00e0 une nouvelle communication.<br \/>N&rsquo;h\u00e9sitez pas \u00e0 me suivre sur les r\u00e9seaux pour les derniers updates.<\/p>\n<p>[\/et_pb_text][et_pb_button button_url=\u00a0\u00bbhttp:\/\/fromjoyasso.org\/notre-histoire\u00a0\u00bb button_text=\u00a0\u00bbMon Voyage et la naissance de l&rsquo;association ICI\u00a0\u00bb _builder_version=\u00a0\u00bb4.9.7&Prime; _module_preset=\u00a0\u00bbdefault\u00a0\u00bb custom_button=\u00a0\u00bbon\u00a0\u00bb button_text_size=\u00a0\u00bb19px\u00a0\u00bb background_layout=\u00a0\u00bbdark\u00a0\u00bb][\/et_pb_button][\/et_pb_column][\/et_pb_row][\/et_pb_section][et_pb_section fb_built=\u00a0\u00bb1&Prime; _builder_version=\u00a0\u00bb4.9.4&Prime; _module_preset=\u00a0\u00bbdefault\u00a0\u00bb background_color=\u00a0\u00bb#1766A8&Prime;][et_pb_row _builder_version=\u00a0\u00bb4.9.4&Prime; _module_preset=\u00a0\u00bbdefault\u00a0\u00bb][et_pb_column type=\u00a0\u00bb4_4&Prime; _builder_version=\u00a0\u00bb4.9.4&Prime; _module_preset=\u00a0\u00bbdefault\u00a0\u00bb][et_pb_text _builder_version=\u00a0\u00bb4.9.4&Prime; _module_preset=\u00a0\u00bbdefault\u00a0\u00bb]<\/p>\n<h2><span style=\"color: #ffffff;\">\u00ab Le v\u00e9ritable voyage de d\u00e9couverte ne consiste pas \u00e0 chercher de nouveaux paysages, mais \u00e0 avoir de nouveaux yeux. \u00bb Marcel Proust<\/span><\/h2>\n<p>[\/et_pb_text][\/et_pb_column][\/et_pb_row][\/et_pb_section][et_pb_section fb_built=\u00a0\u00bb1&Prime; _builder_version=\u00a0\u00bb4.9.7&Prime; _module_preset=\u00a0\u00bbdefault\u00a0\u00bb background_color=\u00a0\u00bb#FFFFFF\u00a0\u00bb][et_pb_row _builder_version=\u00a0\u00bb4.9.7&Prime; _module_preset=\u00a0\u00bbdefault\u00a0\u00bb][et_pb_column type=\u00a0\u00bb4_4&Prime; _builder_version=\u00a0\u00bb4.9.7&Prime; _module_preset=\u00a0\u00bbdefault\u00a0\u00bb][et_pb_divider show_divider=\u00a0\u00bboff\u00a0\u00bb _builder_version=\u00a0\u00bb4.9.7&Prime; _module_preset=\u00a0\u00bbdefault\u00a0\u00bb][\/et_pb_divider][\/et_pb_column][\/et_pb_row][\/et_pb_section]<\/p>","protected":false},"excerpt":{"rendered":"<p>Joy FromentalUne vraie aventuri\u00e8re, \u00e0 18 ans je r\u00eavais d\u00e9j\u00e0 de partir avec mon sac-\u00e0-dos, d\u00e9couvrir le monde. La vie, enfin surtout ma m\u00e8re, m&rsquo;a demand\u00e9 de patienter un peu et de commencer par des \u00e9tudes&#8230; pour avoir un m\u00e9tier \u00ab\u00a0s\u00e9rieux\u00a0\u00bb.Tout au long de mes \u00e9tudes -5 ans- j&rsquo;ai eu la chance de d\u00e9couvrir le [&hellip;]<\/p>","protected":false},"author":1,"featured_media":0,"parent":0,"menu_order":0,"comment_status":"closed","ping_status":"closed","template":"","meta":{"_et_pb_use_builder":"on","_et_pb_old_content":"","_et_gb_content_width":"","footnotes":""},"class_list":["post-732","page","type-page","status-publish","hentry"],"jetpack_sharing_enabled":true,"_links":{"self":[{"href":"https:\/\/fromjoyasso.org\/en\/wp-json\/wp\/v2\/pages\/732","targetHints":{"allow":["GET"]}}],"collection":[{"href":"https:\/\/fromjoyasso.org\/en\/wp-json\/wp\/v2\/pages"}],"about":[{"href":"https:\/\/fromjoyasso.org\/en\/wp-json\/wp\/v2\/types\/page"}],"author":[{"embeddable":true,"href":"https:\/\/fromjoyasso.org\/en\/wp-json\/wp\/v2\/users\/1"}],"replies":[{"embeddable":true,"href":"https:\/\/fromjoyasso.org\/en\/wp-json\/wp\/v2\/comments?post=732"}],"version-history":[{"count":0,"href":"https:\/\/fromjoyasso.org\/en\/wp-json\/wp\/v2\/pages\/732\/revisions"}],"wp:attachment":[{"href":"https:\/\/fromjoyasso.org\/en\/wp-json\/wp\/v2\/media?parent=732"}],"curies":[{"name":"wp","href":"https:\/\/api.w.org\/{rel}","templated":true}]}}