{"id":810,"date":"2021-06-23T16:02:01","date_gmt":"2021-06-23T16:02:01","guid":{"rendered":"https:\/\/fromjoyasso.org\/?page_id=810"},"modified":"2021-07-07T20:09:13","modified_gmt":"2021-07-07T20:09:13","slug":"notre-soutien-aux-associations","status":"publish","type":"page","link":"https:\/\/fromjoyasso.org\/en\/notre-soutien-aux-associations\/","title":{"rendered":"NOTRE SOUTIEN aux ASSOCIATIONS"},"content":{"rendered":"<p>[et_pb_section fb_built=\u00a0\u00bb1&Prime; _builder_version=\u00a0\u00bb4.9.7&Prime; _module_preset=\u00a0\u00bbdefault\u00a0\u00bb background_image=\u00a0\u00bbhttps:\/\/fromjoyasso.org\/wp-content\/uploads\/2021\/06\/Ajouter-un-titre-4.png\u00a0\u00bb parallax=\u00a0\u00bbon\u00a0\u00bb][et_pb_row _builder_version=\u00a0\u00bb4.9.4&Prime; _module_preset=\u00a0\u00bbdefault\u00a0\u00bb][et_pb_column type=\u00a0\u00bb4_4&Prime; _builder_version=\u00a0\u00bb4.9.4&Prime; _module_preset=\u00a0\u00bbdefault\u00a0\u00bb][et_pb_text _builder_version=\u00a0\u00bb4.9.7&Prime; _module_preset=\u00a0\u00bbdefault\u00a0\u00bb text_font=\u00a0\u00bb|800|||||||\u00a0\u00bb text_text_color=\u00a0\u00bb#FFFFFF\u00a0\u00bb text_font_size=\u00a0\u00bb50px\u00a0\u00bb text_orientation=\u00a0\u00bbright\u00a0\u00bb hover_enabled=\u00a0\u00bb0&Prime; text_text_shadow_style=\u00a0\u00bbpreset1&Prime; text_line_height_last_edited=\u00a0\u00bbon|phone\u00a0\u00bb text_line_height_phone=\u00a0\u00bb1em\u00a0\u00bb sticky_enabled=\u00a0\u00bb0&Prime; text_font_size_last_edited=\u00a0\u00bbon|phone\u00a0\u00bb text_font_size_phone=\u00a0\u00bb40px\u00a0\u00bb]<\/p>\n<p style=\"text-align: left;\">SOUTIEN AUX ASSOCIATIONS<\/p>\n<p>[\/et_pb_text][et_pb_divider show_divider=\u00a0\u00bboff\u00a0\u00bb _builder_version=\u00a0\u00bb4.9.4&Prime; _module_preset=\u00a0\u00bbdefault\u00a0\u00bb custom_margin=\u00a0\u00bb50px||50px||false|false\u00a0\u00bb][\/et_pb_divider][et_pb_divider show_divider=\u00a0\u00bboff\u00a0\u00bb _builder_version=\u00a0\u00bb4.9.4&Prime; _module_preset=\u00a0\u00bbdefault\u00a0\u00bb custom_margin=\u00a0\u00bb50px||50px||false|false\u00a0\u00bb][\/et_pb_divider][et_pb_divider show_divider=\u00a0\u00bboff\u00a0\u00bb _builder_version=\u00a0\u00bb4.9.4&Prime; _module_preset=\u00a0\u00bbdefault\u00a0\u00bb custom_margin=\u00a0\u00bb50px||50px||false|false\u00a0\u00bb][\/et_pb_divider][et_pb_divider show_divider=\u00a0\u00bboff\u00a0\u00bb _builder_version=\u00a0\u00bb4.9.4&Prime; _module_preset=\u00a0\u00bbdefault\u00a0\u00bb custom_margin=\u00a0\u00bb50px||50px||false|false\u00a0\u00bb][\/et_pb_divider][\/et_pb_column][\/et_pb_row][\/et_pb_section][et_pb_section fb_built=\u00a0\u00bb1&Prime; _builder_version=\u00a0\u00bb4.9.4&Prime; _module_preset=\u00a0\u00bbdefault\u00a0\u00bb][et_pb_row _builder_version=\u00a0\u00bb4.9.4&Prime; _module_preset=\u00a0\u00bbdefault\u00a0\u00bb][et_pb_column type=\u00a0\u00bb4_4&Prime; _builder_version=\u00a0\u00bb4.9.4&Prime; _module_preset=\u00a0\u00bbdefault\u00a0\u00bb][et_pb_text _builder_version=\u00a0\u00bb4.9.7&Prime; _module_preset=\u00a0\u00bbdefault\u00a0\u00bb]<\/p>\n<p>Chaque ann\u00e9e, nous soutenons des associations dans le besoin en r\u00e9coltant des fonds pour elles.<\/p>\n<p>Bien s\u00fbr, nous soutenons les projets qui am\u00e8ne un mieux-\u00eatre animal avant tout !<\/p>\n<p><strong>Voici les projets que nous avons men\u00e9 \u00e0 bien :<\/strong><\/p>\n<p>[\/et_pb_text][\/et_pb_column][\/et_pb_row][\/et_pb_section][et_pb_section fb_built=\u00a0\u00bb1&Prime; _builder_version=\u00a0\u00bb4.9.7&Prime; _module_preset=\u00a0\u00bbdefault\u00a0\u00bb background_color=\u00a0\u00bb#1766A8&Prime;][et_pb_row column_structure=\u00a0\u00bb3_4,1_4&Prime; _builder_version=\u00a0\u00bb4.9.4&Prime; _module_preset=\u00a0\u00bbdefault\u00a0\u00bb][et_pb_column type=\u00a0\u00bb3_4&Prime; _builder_version=\u00a0\u00bb4.9.4&Prime; _module_preset=\u00a0\u00bbdefault\u00a0\u00bb][et_pb_text _builder_version=\u00a0\u00bb4.9.7&Prime; _module_preset=\u00a0\u00bbdefault\u00a0\u00bb]<\/p>\n<h3><span style=\"color: #ffffff;\">Missions accomplies<\/span><\/h3>\n<p><span style=\"color: #ffffff;\"><\/span><\/p>\n<p><span style=\"color: #fffad1; font-size: x-large;\"><em><strong>Wild Life SOS &#8211; NGO Inde<\/strong><\/em><\/span><span style=\"color: #ffffff;\"><\/span><\/p>\n<p><span style=\"color: #ffffff;\"><\/span><\/p>\n<p><strong><span style=\"color: #ffffff;\">Rel\u00e8ve de fonds pour soigner les oiseaux bless\u00e9s \u00e0 Delhi en Inde.\u00a0<\/span><\/strong><\/p>\n<p>&nbsp;<\/p>\n<p><span style=\"color: #ffffff;\">Avant les oiseaux bless\u00e9s r\u00e9cup\u00e9r\u00e9s par WILDLIFESOS etaient soign\u00e9s mais ne pouvaient pas retrouver leur libert\u00e9 par manque de moyen pour la r\u00e9habilitation.\u00a0<\/span><\/p>\n<p><span style=\"color: #ffffff;\">Aujourd&rsquo;hui gr\u00e2ce \u00e0 une cage en trois partie, ils peuvent leur permettre de retrouver leur libert\u00e9.\u00a0<\/span><br \/><span style=\"color: #ffffff;\">Premi\u00e8re cage pour les soigner et les immobiliser. Deuxim\u00e8re cage afin qu&rsquo;il puisse ouvrir \u00e0 nouveau leurs ailes et reprendre leurs marques. Troisi\u00e8me cage ouverte pour qu&rsquo;ils puissent venir manger et repartir jusqu&rsquo;\u00e0 ce qu&rsquo;ils reprennent leur total libert\u00e9e !\u00a0<\/span><\/p>\n<p>[\/et_pb_text][et_pb_button button_url=\u00a0\u00bbhttps:\/\/wildlifesos.org\u00a0\u00bb button_text=\u00a0\u00bbWILD LIFE SOS\u00a0\u00bb _builder_version=\u00a0\u00bb4.9.7&Prime; _module_preset=\u00a0\u00bbdefault\u00a0\u00bb custom_button=\u00a0\u00bbon\u00a0\u00bb button_text_size=\u00a0\u00bb16px\u00a0\u00bb button_text_color=\u00a0\u00bb#1766A8&Prime; button_bg_color=\u00a0\u00bb#FFFFFF\u00a0\u00bb background_layout=\u00a0\u00bbdark\u00a0\u00bb][\/et_pb_button][\/et_pb_column][et_pb_column type=\u00a0\u00bb1_4&Prime; _builder_version=\u00a0\u00bb4.9.4&Prime; _module_preset=\u00a0\u00bbdefault\u00a0\u00bb][et_pb_divider show_divider=\u00a0\u00bboff\u00a0\u00bb _builder_version=\u00a0\u00bb4.9.7&Prime; _module_preset=\u00a0\u00bbdefault\u00a0\u00bb min_height=\u00a0\u00bb42px\u00a0\u00bb custom_margin=\u00a0\u00bb5px||5px||false|false\u00a0\u00bb][\/et_pb_divider][et_pb_image src=\u00a0\u00bbhttps:\/\/fromjoyasso.org\/wp-content\/uploads\/2021\/07\/RIMG1018-scaled.jpg\u00a0\u00bb _builder_version=\u00a0\u00bb4.9.7&Prime; _module_preset=\u00a0\u00bbdefault\u00a0\u00bb][\/et_pb_image][\/et_pb_column][\/et_pb_row][\/et_pb_section][et_pb_section fb_built=\u00a0\u00bb1&Prime; _builder_version=\u00a0\u00bb4.9.7&Prime; _module_preset=\u00a0\u00bbdefault\u00a0\u00bb][et_pb_row column_structure=\u00a0\u00bb2_3,1_3&Prime; _builder_version=\u00a0\u00bb4.9.7&Prime; _module_preset=\u00a0\u00bbdefault\u00a0\u00bb][et_pb_column type=\u00a0\u00bb2_3&Prime; _builder_version=\u00a0\u00bb4.9.7&Prime; _module_preset=\u00a0\u00bbdefault\u00a0\u00bb][et_pb_text _builder_version=\u00a0\u00bb4.9.7&Prime; _module_preset=\u00a0\u00bbdefault\u00a0\u00bb]<\/p>\n<p><span style=\"font-size: x-large;\"><em><strong>Marino et les Animaux &#8211; Association France (13)<\/strong><\/em><\/span><\/p>\n<p>[\/et_pb_text][et_pb_text _builder_version=\u00a0\u00bb4.9.7&Prime; _module_preset=\u00a0\u00bbdefault\u00a0\u00bb]<\/p>\n<p>Quand l&rsquo;\u00e9pid\u00e9mie a bloqu\u00e9 le pays, Marino s&rsquo;est retrouv\u00e9 dans une impasse financi\u00e8re pour nourrir ses b\u00eates. Marino est impr\u00e9gnatrice, elle h\u00e9berge des stars du cin\u00e9ma&#8230; Elle permet aux animaux de jouer entre eux afin de tourner de belles sc\u00e9nes au cin\u00e9ma tout en respectant le bien-\u00eatre animal. Tous ses animaux sont des rescap\u00e9s : abandonn\u00e9s ou bless\u00e9s, elle les a r\u00e9cup\u00e9r\u00e9 pour les soigner d&rsquo;abord \ud83d\ude09\u00a0<\/p>\n<p>[\/et_pb_text][et_pb_text _builder_version=\u00a0\u00bb4.9.7&Prime; _module_preset=\u00a0\u00bbdefault\u00a0\u00bb]<\/p>\n<p>En mars 2020, nous avons aid\u00e9 financi\u00e8rement Marino pour nourrir ses cervid\u00e9s. Ainsi elle a pu se maintenir \u00e0 flot \ud83d\ude09\u00a0<\/p>\n<p>[\/et_pb_text][et_pb_button button_url=\u00a0\u00bbhttps:\/\/www.lesanimauxetmarino.com\u00a0\u00bb button_text=\u00a0\u00bbMarino &#038; les Animaux\u00a0\u00bb _builder_version=\u00a0\u00bb4.9.7&Prime; _module_preset=\u00a0\u00bbdefault\u00a0\u00bb custom_button=\u00a0\u00bbon\u00a0\u00bb button_text_size=\u00a0\u00bb16px\u00a0\u00bb background_layout=\u00a0\u00bbdark\u00a0\u00bb][\/et_pb_button][\/et_pb_column][et_pb_column type=\u00a0\u00bb1_3&Prime; _builder_version=\u00a0\u00bb4.9.7&Prime; _module_preset=\u00a0\u00bbdefault\u00a0\u00bb][et_pb_image src=\u00a0\u00bbhttps:\/\/fromjoyasso.org\/wp-content\/uploads\/2021\/07\/tiger.png\u00a0\u00bb title_text=\u00a0\u00bbMarino\u00a0\u00bb _builder_version=\u00a0\u00bb4.9.7&Prime; _module_preset=\u00a0\u00bbdefault\u00a0\u00bb][\/et_pb_image][\/et_pb_column][\/et_pb_row][\/et_pb_section][et_pb_section fb_built=\u00a0\u00bb1&Prime; _builder_version=\u00a0\u00bb4.9.7&Prime; _module_preset=\u00a0\u00bbdefault\u00a0\u00bb background_color=\u00a0\u00bb#1766A8&Prime;][et_pb_row column_structure=\u00a0\u00bb3_4,1_4&Prime; _builder_version=\u00a0\u00bb4.9.4&Prime; _module_preset=\u00a0\u00bbdefault\u00a0\u00bb][et_pb_column type=\u00a0\u00bb3_4&Prime; _builder_version=\u00a0\u00bb4.9.4&Prime; _module_preset=\u00a0\u00bbdefault\u00a0\u00bb][et_pb_text _builder_version=\u00a0\u00bb4.9.7&Prime; _module_preset=\u00a0\u00bbdefault\u00a0\u00bb]<\/p>\n<p><em style=\"color: #fffad1; font-size: x-large;\"><strong>Amour de Plumes &#8211; Association France (83)<\/strong><\/em><br \/><span style=\"color: #ffffff;\"><\/span><\/p>\n<p><span style=\"color: #ffffff;\"><\/span><\/p>\n<p><span style=\"color: #ffffff;\"><\/span><\/p>\n<p><strong><span style=\"color: #ffffff;\">Rel\u00e8ve de fonds pour une infirmerie pour Poules pondeuses<\/span><\/strong><\/p>\n<p><span style=\"color: #ffffff;\">\u00a0Magalie est son \u00e9quipe organisent des sauvetages de poules qui ne sont plus \u00ab\u00a0utiles\u00a0\u00bb \u00e0 l&rsquo;industrie. \u00a0Elles sont r\u00e9cup\u00e9r\u00e9es puis mises \u00e0 l&rsquo;adoption, malheureusement nombreuses sont celles qui sont mal en point.\u00a0<\/span><br \/><span style=\"color: #ffffff;\">Magalie a donc install\u00e9e dans son jardin une infirmerie afin de les remettre sur pattes d\u00e8s que possible. Gr\u00e2ce aux soins qu&rsquo;elle et son \u00e9quipe leur procurent, elles peuvent commencer une nouvelle vie libres et bien portantes ! <\/span><\/p>\n<p><span style=\"color: #ffffff;\">Et nous avons ouvert une cagnotte afin qu&rsquo;Amour de plume puissent avoir une cage assez grande pour cr\u00e9er une infirmerie !<\/span><\/p>\n<p>[\/et_pb_text][et_pb_button button_url=\u00a0\u00bbhttps:\/\/www.amour-de-plumes.org\u00a0\u00bb button_text=\u00a0\u00bbAmour de Plumes\u00a0\u00bb _builder_version=\u00a0\u00bb4.9.7&Prime; _module_preset=\u00a0\u00bbdefault\u00a0\u00bb custom_button=\u00a0\u00bbon\u00a0\u00bb button_text_size=\u00a0\u00bb16px\u00a0\u00bb button_text_color=\u00a0\u00bb#1766A8&Prime; button_bg_color=\u00a0\u00bb#FFFFFF\u00a0\u00bb background_layout=\u00a0\u00bbdark\u00a0\u00bb][\/et_pb_button][\/et_pb_column][et_pb_column type=\u00a0\u00bb1_4&Prime; _builder_version=\u00a0\u00bb4.9.4&Prime; _module_preset=\u00a0\u00bbdefault\u00a0\u00bb][et_pb_divider show_divider=\u00a0\u00bboff\u00a0\u00bb _builder_version=\u00a0\u00bb4.9.7&Prime; _module_preset=\u00a0\u00bbdefault\u00a0\u00bb min_height=\u00a0\u00bb42px\u00a0\u00bb custom_margin=\u00a0\u00bb5px||5px||false|false\u00a0\u00bb][\/et_pb_divider][et_pb_image src=\u00a0\u00bbhttps:\/\/fromjoyasso.org\/wp-content\/uploads\/2021\/07\/210674790_2669484930010391_7567226712935238143_n.jpg\u00a0\u00bb title_text=\u00a0\u00bbPoules\u00a0\u00bb _builder_version=\u00a0\u00bb4.9.7&Prime; _module_preset=\u00a0\u00bbdefault\u00a0\u00bb][\/et_pb_image][\/et_pb_column][\/et_pb_row][\/et_pb_section][et_pb_section fb_built=\u00a0\u00bb1&Prime; _builder_version=\u00a0\u00bb4.9.7&Prime; _module_preset=\u00a0\u00bbdefault\u00a0\u00bb][\/et_pb_section]<\/p>","protected":false},"excerpt":{"rendered":"<p>SOUTIEN AUX ASSOCIATIONSChaque ann\u00e9e, nous soutenons des associations dans le besoin en r\u00e9coltant des fonds pour elles. Bien s\u00fbr, nous soutenons les projets qui am\u00e8ne un mieux-\u00eatre animal avant tout ! Voici les projets que nous avons men\u00e9 \u00e0 bien :Missions accomplies Wild Life SOS &#8211; NGO Inde Rel\u00e8ve de fonds pour soigner les oiseaux [&hellip;]<\/p>","protected":false},"author":1,"featured_media":0,"parent":0,"menu_order":0,"comment_status":"closed","ping_status":"closed","template":"","meta":{"_et_pb_use_builder":"on","_et_pb_old_content":"<!-- wp:divi\/placeholder \/-->","_et_gb_content_width":"","footnotes":""},"class_list":["post-810","page","type-page","status-publish","hentry"],"jetpack_sharing_enabled":true,"_links":{"self":[{"href":"https:\/\/fromjoyasso.org\/en\/wp-json\/wp\/v2\/pages\/810","targetHints":{"allow":["GET"]}}],"collection":[{"href":"https:\/\/fromjoyasso.org\/en\/wp-json\/wp\/v2\/pages"}],"about":[{"href":"https:\/\/fromjoyasso.org\/en\/wp-json\/wp\/v2\/types\/page"}],"author":[{"embeddable":true,"href":"https:\/\/fromjoyasso.org\/en\/wp-json\/wp\/v2\/users\/1"}],"replies":[{"embeddable":true,"href":"https:\/\/fromjoyasso.org\/en\/wp-json\/wp\/v2\/comments?post=810"}],"version-history":[{"count":0,"href":"https:\/\/fromjoyasso.org\/en\/wp-json\/wp\/v2\/pages\/810\/revisions"}],"wp:attachment":[{"href":"https:\/\/fromjoyasso.org\/en\/wp-json\/wp\/v2\/media?parent=810"}],"curies":[{"name":"wp","href":"https:\/\/api.w.org\/{rel}","templated":true}]}}